{"id":1071,"date":"2018-10-26T17:12:34","date_gmt":"2018-10-26T15:12:34","guid":{"rendered":"https:\/\/www.becker-tanks.de\/entreprise\/"},"modified":"2018-10-26T17:17:33","modified_gmt":"2018-10-26T15:17:33","slug":"entreprise","status":"publish","type":"page","link":"https:\/\/www.becker-tanks.de\/fr\/entreprise\/","title":{"rendered":"Entreprise"},"content":{"rendered":"\t\t<div data-elementor-type=\"post\" data-elementor-id=\"1071\" class=\"elementor elementor-1071 elementor-57\" data-elementor-settings=\"[]\">\n\t\t\t<div class=\"elementor-inner\">\n\t\t\t\t<div class=\"elementor-section-wrap\">\n\t\t\t\t\t\t\t<section data-id=\"6b8dcd9\" class=\"elementor-element elementor-element-6b8dcd9 elementor-section-boxed elementor-section-height-default elementor-section-height-default elementor-section elementor-top-section\" data-element_type=\"section\">\n\t\t\t\t\t\t<div class=\"elementor-container elementor-column-gap-default\">\n\t\t\t\t<div class=\"elementor-row\">\n\t\t\t\t<div data-id=\"4636cc5\" class=\"elementor-element elementor-element-4636cc5 elementor-column elementor-col-50 elementor-top-column\" data-element_type=\"column\">\n\t\t\t<div class=\"elementor-column-wrap  elementor-element-populated\">\n\t\t\t\t\t<div class=\"elementor-widget-wrap\">\n\t\t\t\t<div data-id=\"dc2a390\" class=\"elementor-element elementor-element-dc2a390 elementor-widget elementor-widget-text-editor\" data-element_type=\"text-editor.default\">\n\t\t\t\t<div class=\"elementor-widget-container\">\n\t\t\t\t\t<div class=\"elementor-text-editor elementor-clearfix\"><h2>Kompetenzen<\/h2>\n<hr \/>\n<p>Die Helmut Becker GmbH, kurz Becker-Tanks, steht f\u00fcr Edelstahlverarbeitung in h\u00f6chster Qualit\u00e4t. Seit fast 30 Jahren produziert unser Unternehmen Edelstahltanks f\u00fcr Weing\u00fcter und Brauereien sowie f\u00fcr die Lebensmittelproduktion, die Chemie- und Pharmaindustrie. Zum Lieferspektrum geh\u00f6ren zudem Bodenablaufsysteme, Entw\u00e4sserungssysteme aus Edelstahl und W\u00e4rmetauscher sowie KZH \u2013 Anlagen. \u2028Mit unserer umfangreichen Erfahrung und einem ausgewiesenem Know-how in der Edelstahlbearbeitung realisiert Becker-Tanks auch Spezialanfertigungen nach Kundenwunsch. Dank eines hochmodernen Maschinenparks und flexibler Arbeitsweise \u00fcbernehmen wir auch Auftr\u00e4ge zur Laserlohnfertigung. H\u00f6chste Pr\u00e4zision bei Planung und Ausf\u00fchrung, L\u00f6sungsorientierung und Liefertreue sind dabei selbstverst\u00e4ndlich.<br \/>\n<strong>Becker-Tanks. Edelstahl in bester Form.<\/strong><\/p>\n<\/div>\n\t\t\t\t<\/div>\n\t\t\t\t<\/div>\n\t\t\t\t\t\t<\/div>\n\t\t\t<\/div>\n\t\t<\/div>\n\t\t\t\t<div data-id=\"e100229\" class=\"elementor-element elementor-element-e100229 elementor-column elementor-col-50 elementor-top-column\" data-element_type=\"column\">\n\t\t\t<div class=\"elementor-column-wrap  elementor-element-populated\">\n\t\t\t\t\t<div class=\"elementor-widget-wrap\">\n\t\t\t\t<div data-id=\"15e021d\" class=\"elementor-element elementor-element-15e021d elementor-widget elementor-widget-image\" data-element_type=\"image.default\">\n\t\t\t\t<div class=\"elementor-widget-container\">\n\t\t\t\t\t<div class=\"elementor-image\">\n\t\t\t\t\t\t\t\t\t\t<img decoding=\"async\" src=\"https:\/\/www.becker-tanks.de\/wp-content\/plugins\/elementor\/assets\/images\/placeholder.png\" title=\"\" alt=\"\" \/>\t\t\t\t\t\t\t\t\t\t\t<\/div>\n\t\t\t\t<\/div>\n\t\t\t\t<\/div>\n\t\t\t\t\t\t<\/div>\n\t\t\t<\/div>\n\t\t<\/div>\n\t\t\t\t\t\t<\/div>\n\t\t\t<\/div>\n\t\t<\/section>\n\t\t\t\t<section data-id=\"12d26f4\" class=\"elementor-element elementor-element-12d26f4 elementor-section-boxed elementor-section-height-default elementor-section-height-default elementor-section elementor-top-section\" data-element_type=\"section\">\n\t\t\t\t\t\t<div class=\"elementor-container elementor-column-gap-default\">\n\t\t\t\t<div class=\"elementor-row\">\n\t\t\t\t<div data-id=\"6a13a4b\" class=\"elementor-element elementor-element-6a13a4b elementor-column elementor-col-50 elementor-top-column\" data-element_type=\"column\">\n\t\t\t<div class=\"elementor-column-wrap  elementor-element-populated\">\n\t\t\t\t\t<div class=\"elementor-widget-wrap\">\n\t\t\t\t<div data-id=\"f9c84f1\" class=\"elementor-element elementor-element-f9c84f1 elementor-widget elementor-widget-text-editor\" data-element_type=\"text-editor.default\">\n\t\t\t\t<div class=\"elementor-widget-container\">\n\t\t\t\t\t<div class=\"elementor-text-editor elementor-clearfix\"><h2>Geschichte<\/h2>\n<hr \/>\n<p>Becker-Tanks ist ein mittelst\u00e4ndiges Familienunternehmen. Gegr\u00fcndet hat den Betrieb Diplom-Ingenieur (FH) Helmut Becker 1990. Im Fokus standen von Anfang an Edelstahlbeh\u00e4lter nebst Zubeh\u00f6r zur Weinlagerung und -bearbeitung. \u2028L\u00e4ngst hat sich das Unternehmen im Beh\u00e4lterbau einen guten Namen gemacht. Kunden sch\u00e4tzen vor allem den hohen Anspruch an Materialqualit\u00e4t und Ausf\u00fchrung sowie die individuelle Betreuung vom Aufma\u00df bis zum Aufstellen der Tanks vor Ort.\u2028Was mit einer Handvoll Mitarbeiter auf der gr\u00fcnen Wiese im rheinhessischen Gau-Odernheim begann, hat sich zu einem Betrieb mit rund 45 Mitarbeitern entwickelt, dessen Spezial-Knowhow sich mittlerweile auch auf Sonderanfertigungen nach Ma\u00df und Kundenwunsch sowie Laserlohnarbeiten im Bereich Edelstahl erstreckt. \u2028Becker-Tanks versteht sich als Edelstahlspezialist mit h\u00f6chsten Anspr\u00fcchen an die Verarbeitungsqualit\u00e4t seiner Produkte. Im Mittelpunkt steht unser Bestreben, Kunden eine auf ihre Bed\u00fcrfnisse zugeschnittene, hochwertige und wirtschaftliche L\u00f6sung zu bieten. Ganz in diesem Sinne entwickelt sich das Unternehmen mit den Anspr\u00fcchen seiner Kunden weiter. <strong><br \/>\n<\/strong><\/p>\n<\/div>\n\t\t\t\t<\/div>\n\t\t\t\t<\/div>\n\t\t\t\t\t\t<\/div>\n\t\t\t<\/div>\n\t\t<\/div>\n\t\t\t\t<div data-id=\"e6a9ae2\" class=\"elementor-element elementor-element-e6a9ae2 elementor-column elementor-col-50 elementor-top-column\" data-element_type=\"column\">\n\t\t\t<div class=\"elementor-column-wrap  elementor-element-populated\">\n\t\t\t\t\t<div class=\"elementor-widget-wrap\">\n\t\t\t\t<div data-id=\"77ec8b3\" class=\"elementor-element elementor-element-77ec8b3 elementor-widget elementor-widget-image\" data-element_type=\"image.default\">\n\t\t\t\t<div class=\"elementor-widget-container\">\n\t\t\t\t\t<div class=\"elementor-image\">\n\t\t\t\t\t\t\t\t\t\t<img decoding=\"async\" src=\"https:\/\/www.becker-tanks.de\/wp-content\/plugins\/elementor\/assets\/images\/placeholder.png\" title=\"\" alt=\"\" \/>\t\t\t\t\t\t\t\t\t\t\t<\/div>\n\t\t\t\t<\/div>\n\t\t\t\t<\/div>\n\t\t\t\t\t\t<\/div>\n\t\t\t<\/div>\n\t\t<\/div>\n\t\t\t\t\t\t<\/div>\n\t\t\t<\/div>\n\t\t<\/section>\n\t\t\t\t<section data-id=\"89fddce\" class=\"elementor-element elementor-element-89fddce elementor-section-boxed elementor-section-height-default elementor-section-height-default elementor-section elementor-top-section\" data-element_type=\"section\">\n\t\t\t\t\t\t<div class=\"elementor-container elementor-column-gap-default\">\n\t\t\t\t<div class=\"elementor-row\">\n\t\t\t\t<div data-id=\"40989d7\" class=\"elementor-element elementor-element-40989d7 elementor-column elementor-col-50 elementor-top-column\" data-element_type=\"column\">\n\t\t\t<div class=\"elementor-column-wrap  elementor-element-populated\">\n\t\t\t\t\t<div class=\"elementor-widget-wrap\">\n\t\t\t\t<div data-id=\"ca6a83b\" class=\"elementor-element elementor-element-ca6a83b elementor-widget elementor-widget-text-editor\" data-element_type=\"text-editor.default\">\n\t\t\t\t<div class=\"elementor-widget-container\">\n\t\t\t\t\t<div class=\"elementor-text-editor elementor-clearfix\"><h2>Produktion<\/h2>\n<hr \/>\n<p>Am Firmensitz in Gau-Odernheim, Landkreis Alzey-Worms, planen, konstruieren und fertigen rund 45 Mitarbeiter Edelstahltanks f\u00fcr verschiedene Anwendungen in Weinbau und Industrie samt Zubeh\u00f6r. Dar\u00fcber hinaus stellen wir Sonderbauteile und Entw\u00e4sserungsrinnen aus Edelstahl her und \u00fcbernehmen Auftragsarbeiten an Edelstahlblechen (Schwei\u00dfen, Kanten, Schneiden).\u2028Produziert wird in drei Hallen auf insgesamt 1.800 Quadratmeter. \u2028Wir verarbeiten ausschlie\u00dflich Edelstahl der G\u00fcteklassen V2A und V4A (Materialst\u00e4rken von 0,8 bis 25 Millimeter).<\/p>\n<p>Zum modernen Maschinenpark geh\u00f6ren eine Laserschneideanlage sowie eine Abkantpresse, diverse Biege- und B\u00f6rdelmaschinen sowie Schwei\u00dfautomaten. Viele Werkzeuge und Ger\u00e4te sind dar\u00fcber hinaus firmeneigene Spezialanfertigungen, um unterschiedlichen, teils sehr spezifischen Bauteilgr\u00f6\u00dfen gerecht zu werden.\u2028Im Einzelnen stehen zur Verf\u00fcgung:<\/p>\n<ul>\n<li>Eine Bystronic ByStar Laserschneideanlage mit 6 kW Laserleistung\u2028(Alle Formate bis 20 mm Edelstahl)<\/li>\n<li>Ein vollautomatisches Hochregallager<br \/>\nEine Trumpf Abkantpresse (230 t, Bleche bis 4000 mm)<\/li>\n<li>Eine Vierwalzenrundbiegemaschine<\/li>\n<li>Eine SAF-L\u00e4ngsnahtschwei\u00dfmaschine<\/li>\n<li>Mehrere B\u00f6rdel- und Schneidemaschinen, \u2028darunter eine B\u00f6rdelmaschine zur Bearbeitung von Blechen bis 4,5 m<\/li>\n<li>Eine vollautomatische Schlagschere<\/li>\n<li>Per\u00fccke \/ MAG Schwei\u00dfanlagen<\/li>\n<li>Schwei\u00dfdrehtische<\/li>\n<li>Verschiedene Handschleifmaschinen<\/li>\n<li>Umsetz- und Umformwerkzeuge<\/li>\n<li>Diverse Gabelstapler und Hubvorrichtungen<\/li>\n<li>Rundschwei\u00dfanlage und Spannbank<\/li>\n<\/ul>\n<\/div>\n\t\t\t\t<\/div>\n\t\t\t\t<\/div>\n\t\t\t\t\t\t<\/div>\n\t\t\t<\/div>\n\t\t<\/div>\n\t\t\t\t<div data-id=\"4075cea\" class=\"elementor-element elementor-element-4075cea elementor-column elementor-col-50 elementor-top-column\" data-element_type=\"column\">\n\t\t\t<div class=\"elementor-column-wrap  elementor-element-populated\">\n\t\t\t\t\t<div class=\"elementor-widget-wrap\">\n\t\t\t\t<div data-id=\"999e9cd\" class=\"elementor-element elementor-element-999e9cd elementor-widget elementor-widget-image\" data-element_type=\"image.default\">\n\t\t\t\t<div class=\"elementor-widget-container\">\n\t\t\t\t\t<div class=\"elementor-image\">\n\t\t\t\t\t\t\t\t\t\t<img decoding=\"async\" src=\"https:\/\/www.becker-tanks.de\/wp-content\/plugins\/elementor\/assets\/images\/placeholder.png\" title=\"\" alt=\"\" \/>\t\t\t\t\t\t\t\t\t\t\t<\/div>\n\t\t\t\t<\/div>\n\t\t\t\t<\/div>\n\t\t\t\t\t\t<\/div>\n\t\t\t<\/div>\n\t\t<\/div>\n\t\t\t\t\t\t<\/div>\n\t\t\t<\/div>\n\t\t<\/section>\n\t\t\t\t<section data-id=\"7dd1d0bf\" class=\"elementor-element elementor-element-7dd1d0bf elementor-section-boxed elementor-section-height-default elementor-section-height-default elementor-section elementor-top-section\" data-element_type=\"section\">\n\t\t\t\t\t\t<div class=\"elementor-container elementor-column-gap-default\">\n\t\t\t\t<div class=\"elementor-row\">\n\t\t\t\t<div data-id=\"5096c24e\" class=\"elementor-element elementor-element-5096c24e elementor-column elementor-col-50 elementor-top-column\" data-element_type=\"column\">\n\t\t\t<div class=\"elementor-column-wrap  elementor-element-populated\">\n\t\t\t\t\t<div class=\"elementor-widget-wrap\">\n\t\t\t\t<div data-id=\"50789e7f\" class=\"elementor-element elementor-element-50789e7f elementor-widget elementor-widget-text-editor\" data-element_type=\"text-editor.default\">\n\t\t\t\t<div class=\"elementor-widget-container\">\n\t\t\t\t\t<div class=\"elementor-text-editor elementor-clearfix\"><h2>Kompetenzen<\/h2>\n<hr \/>\n<p>Die Helmut Becker GmbH, kurz Becker-Tanks, steht f\u00fcr Edelstahlverarbeitung in h\u00f6chster Qualit\u00e4t. Seit fast 30 Jahren produziert unser Unternehmen Edelstahltanks f\u00fcr Weing\u00fcter und Brauereien sowie f\u00fcr die Lebensmittelproduktion, die Chemie- und Pharmaindustrie. Zum Lieferspektrum geh\u00f6ren zudem Bodenablaufsysteme, Entw\u00e4sserungssysteme aus Edelstahl und W\u00e4rmetauscher sowie KZH \u2013 Anlagen. \u2028Mit unserer umfangreichen Erfahrung und einem ausgewiesenem Know-how in der Edelstahlbearbeitung realisiert Becker-Tanks auch Spezialanfertigungen nach Kundenwunsch. Dank eines hochmodernen Maschinenparks und flexibler Arbeitsweise \u00fcbernehmen wir auch Auftr\u00e4ge zur Laserlohnfertigung. H\u00f6chste Pr\u00e4zision bei Planung und Ausf\u00fchrung, L\u00f6sungsorientierung und Liefertreue sind dabei selbstverst\u00e4ndlich.<br \/>\n<strong>Becker-Tanks. Edelstahl in bester Form.<\/strong><\/p>\n<\/div>\n\t\t\t\t<\/div>\n\t\t\t\t<\/div>\n\t\t\t\t\t\t<\/div>\n\t\t\t<\/div>\n\t\t<\/div>\n\t\t\t\t<div data-id=\"3cb2f07a\" class=\"elementor-element elementor-element-3cb2f07a elementor-column elementor-col-50 elementor-top-column\" data-element_type=\"column\">\n\t\t\t<div class=\"elementor-column-wrap  elementor-element-populated\">\n\t\t\t\t\t<div class=\"elementor-widget-wrap\">\n\t\t\t\t<div data-id=\"5cb9b625\" class=\"elementor-element elementor-element-5cb9b625 elementor-widget elementor-widget-image\" data-element_type=\"image.default\">\n\t\t\t\t<div class=\"elementor-widget-container\">\n\t\t\t\t\t<div class=\"elementor-image\">\n\t\t\t\t\t\t\t\t\t\t<img decoding=\"async\" src=\"https:\/\/www.becker-tanks.de\/wp-content\/plugins\/elementor\/assets\/images\/placeholder.png\" title=\"\" alt=\"\" \/>\t\t\t\t\t\t\t\t\t\t\t<\/div>\n\t\t\t\t<\/div>\n\t\t\t\t<\/div>\n\t\t\t\t\t\t<\/div>\n\t\t\t<\/div>\n\t\t<\/div>\n\t\t\t\t\t\t<\/div>\n\t\t\t<\/div>\n\t\t<\/section>\n\t\t\t\t<section data-id=\"1e8f261b\" class=\"elementor-element elementor-element-1e8f261b elementor-section-boxed elementor-section-height-default elementor-section-height-default elementor-section elementor-top-section\" data-element_type=\"section\">\n\t\t\t\t\t\t<div class=\"elementor-container elementor-column-gap-default\">\n\t\t\t\t<div class=\"elementor-row\">\n\t\t\t\t<div data-id=\"55043f7\" class=\"elementor-element elementor-element-55043f7 elementor-column elementor-col-50 elementor-top-column\" data-element_type=\"column\">\n\t\t\t<div class=\"elementor-column-wrap  elementor-element-populated\">\n\t\t\t\t\t<div class=\"elementor-widget-wrap\">\n\t\t\t\t<div data-id=\"26554295\" class=\"elementor-element elementor-element-26554295 elementor-widget elementor-widget-text-editor\" data-element_type=\"text-editor.default\">\n\t\t\t\t<div class=\"elementor-widget-container\">\n\t\t\t\t\t<div class=\"elementor-text-editor elementor-clearfix\"><h2>Geschichte<\/h2>\n<hr \/>\n<p>Becker-Tanks ist ein mittelst\u00e4ndiges Familienunternehmen. Gegr\u00fcndet hat den Betrieb Diplom-Ingenieur (FH) Helmut Becker 1990. Im Fokus standen von Anfang an Edelstahlbeh\u00e4lter nebst Zubeh\u00f6r zur Weinlagerung und -bearbeitung. \u2028L\u00e4ngst hat sich das Unternehmen im Beh\u00e4lterbau einen guten Namen gemacht. Kunden sch\u00e4tzen vor allem den hohen Anspruch an Materialqualit\u00e4t und Ausf\u00fchrung sowie die individuelle Betreuung vom Aufma\u00df bis zum Aufstellen der Tanks vor Ort.\u2028Was mit einer Handvoll Mitarbeiter auf der gr\u00fcnen Wiese im rheinhessischen Gau-Odernheim begann, hat sich zu einem Betrieb mit rund 45 Mitarbeitern entwickelt, dessen Spezial-Knowhow sich mittlerweile auch auf Sonderanfertigungen nach Ma\u00df und Kundenwunsch sowie Laserlohnarbeiten im Bereich Edelstahl erstreckt. \u2028Becker-Tanks versteht sich als Edelstahlspezialist mit h\u00f6chsten Anspr\u00fcchen an die Verarbeitungsqualit\u00e4t seiner Produkte. Im Mittelpunkt steht unser Bestreben, Kunden eine auf ihre Bed\u00fcrfnisse zugeschnittene, hochwertige und wirtschaftliche L\u00f6sung zu bieten. Ganz in diesem Sinne entwickelt sich das Unternehmen mit den Anspr\u00fcchen seiner Kunden weiter. <strong><br \/>\n<\/strong><\/p>\n<\/div>\n\t\t\t\t<\/div>\n\t\t\t\t<\/div>\n\t\t\t\t\t\t<\/div>\n\t\t\t<\/div>\n\t\t<\/div>\n\t\t\t\t<div data-id=\"43222006\" class=\"elementor-element elementor-element-43222006 elementor-column elementor-col-50 elementor-top-column\" data-element_type=\"column\">\n\t\t\t<div class=\"elementor-column-wrap  elementor-element-populated\">\n\t\t\t\t\t<div class=\"elementor-widget-wrap\">\n\t\t\t\t<div data-id=\"4c7a6485\" class=\"elementor-element elementor-element-4c7a6485 elementor-widget elementor-widget-image\" data-element_type=\"image.default\">\n\t\t\t\t<div class=\"elementor-widget-container\">\n\t\t\t\t\t<div class=\"elementor-image\">\n\t\t\t\t\t\t\t\t\t\t<img decoding=\"async\" src=\"https:\/\/www.becker-tanks.de\/wp-content\/plugins\/elementor\/assets\/images\/placeholder.png\" title=\"\" alt=\"\" \/>\t\t\t\t\t\t\t\t\t\t\t<\/div>\n\t\t\t\t<\/div>\n\t\t\t\t<\/div>\n\t\t\t\t\t\t<\/div>\n\t\t\t<\/div>\n\t\t<\/div>\n\t\t\t\t\t\t<\/div>\n\t\t\t<\/div>\n\t\t<\/section>\n\t\t\t\t<section data-id=\"967172c\" class=\"elementor-element elementor-element-967172c elementor-section-boxed elementor-section-height-default elementor-section-height-default elementor-section elementor-top-section\" data-element_type=\"section\">\n\t\t\t\t\t\t<div class=\"elementor-container elementor-column-gap-default\">\n\t\t\t\t<div class=\"elementor-row\">\n\t\t\t\t<div data-id=\"4da427b1\" class=\"elementor-element elementor-element-4da427b1 elementor-column elementor-col-50 elementor-top-column\" data-element_type=\"column\">\n\t\t\t<div class=\"elementor-column-wrap  elementor-element-populated\">\n\t\t\t\t\t<div class=\"elementor-widget-wrap\">\n\t\t\t\t<div data-id=\"7b15a13\" class=\"elementor-element elementor-element-7b15a13 elementor-widget elementor-widget-text-editor\" data-element_type=\"text-editor.default\">\n\t\t\t\t<div class=\"elementor-widget-container\">\n\t\t\t\t\t<div class=\"elementor-text-editor elementor-clearfix\"><h2>Produktion<\/h2>\n<hr \/>\n<p>Am Firmensitz in Gau-Odernheim, Landkreis Alzey-Worms, planen, konstruieren und fertigen rund 45 Mitarbeiter Edelstahltanks f\u00fcr verschiedene Anwendungen in Weinbau und Industrie samt Zubeh\u00f6r. Dar\u00fcber hinaus stellen wir Sonderbauteile und Entw\u00e4sserungsrinnen aus Edelstahl her und \u00fcbernehmen Auftragsarbeiten an Edelstahlblechen (Schwei\u00dfen, Kanten, Schneiden).\u2028Produziert wird in drei Hallen auf insgesamt 1.800 Quadratmeter. \u2028Wir verarbeiten ausschlie\u00dflich Edelstahl der G\u00fcteklassen V2A und V4A (Materialst\u00e4rken von 0,8 bis 25 Millimeter).<\/p>\n<p>Zum modernen Maschinenpark geh\u00f6ren eine Laserschneideanlage sowie eine Abkantpresse, diverse Biege- und B\u00f6rdelmaschinen sowie Schwei\u00dfautomaten. Viele Werkzeuge und Ger\u00e4te sind dar\u00fcber hinaus firmeneigene Spezialanfertigungen, um unterschiedlichen, teils sehr spezifischen Bauteilgr\u00f6\u00dfen gerecht zu werden.\u2028Im Einzelnen stehen zur Verf\u00fcgung:<\/p>\n<ul>\n<li>Eine Bystronic ByStar Laserschneideanlage mit 6 kW Laserleistung\u2028(Alle Formate bis 20 mm Edelstahl)<\/li>\n<li>Ein vollautomatisches Hochregallager<br \/>\nEine Trumpf Abkantpresse (230 t, Bleche bis 4000 mm)<\/li>\n<li>Eine Vierwalzenrundbiegemaschine<\/li>\n<li>Eine SAF-L\u00e4ngsnahtschwei\u00dfmaschine<\/li>\n<li>Mehrere B\u00f6rdel- und Schneidemaschinen, \u2028darunter eine B\u00f6rdelmaschine zur Bearbeitung von Blechen bis 4,5 m<\/li>\n<li>Eine vollautomatische Schlagschere<\/li>\n<li>Per\u00fccke \/ MAG Schwei\u00dfanlagen<\/li>\n<li>Schwei\u00dfdrehtische<\/li>\n<li>Verschiedene Handschleifmaschinen<\/li>\n<li>Umsetz- und Umformwerkzeuge<\/li>\n<li>Diverse Gabelstapler und Hubvorrichtungen<\/li>\n<li>Rundschwei\u00dfanlage und Spannbank<\/li>\n<\/ul>\n<\/div>\n\t\t\t\t<\/div>\n\t\t\t\t<\/div>\n\t\t\t\t\t\t<\/div>\n\t\t\t<\/div>\n\t\t<\/div>\n\t\t\t\t<div data-id=\"55e1e5e8\" class=\"elementor-element elementor-element-55e1e5e8 elementor-column elementor-col-50 elementor-top-column\" data-element_type=\"column\">\n\t\t\t<div class=\"elementor-column-wrap  elementor-element-populated\">\n\t\t\t\t\t<div class=\"elementor-widget-wrap\">\n\t\t\t\t<div data-id=\"7c116c35\" class=\"elementor-element elementor-element-7c116c35 elementor-widget elementor-widget-image\" data-element_type=\"image.default\">\n\t\t\t\t<div class=\"elementor-widget-container\">\n\t\t\t\t\t<div class=\"elementor-image\">\n\t\t\t\t\t\t\t\t\t\t<img decoding=\"async\" src=\"https:\/\/www.becker-tanks.de\/wp-content\/plugins\/elementor\/assets\/images\/placeholder.png\" title=\"\" alt=\"\" \/>\t\t\t\t\t\t\t\t\t\t\t<\/div>\n\t\t\t\t<\/div>\n\t\t\t\t<\/div>\n\t\t\t\t\t\t<\/div>\n\t\t\t<\/div>\n\t\t<\/div>\n\t\t\t\t\t\t<\/div>\n\t\t\t<\/div>\n\t\t<\/section>\n\t\t\t\t\t\t<\/div>\n\t\t\t<\/div>\n\t\t<\/div>\n\t\t","protected":false},"excerpt":{"rendered":"<p>Kompetenzen Die Helmut Becker GmbH, kurz Becker-Tanks, steht f\u00fcr Edelstahlverarbeitung in h\u00f6chster Qualit\u00e4t. Seit fast 30 Jahren produziert unser Unternehmen Edelstahltanks f\u00fcr Weing\u00fcter und Brauereien sowie f\u00fcr die Lebensmittelproduktion, die Chemie- und Pharmaindustrie. Zum Lieferspektrum geh\u00f6ren zudem Bodenablaufsysteme, Entw\u00e4sserungssysteme aus Edelstahl und W\u00e4rmetauscher sowie KZH \u2013 Anlagen. \u2028Mit unserer umfangreichen Erfahrung und einem ausgewiesenem Know-how [&#8230;]<\/p>\n<p><a class=\"btn btn-secondary understrap-read-more-link\" href=\"https:\/\/www.becker-tanks.de\/fr\/entreprise\/\">Lire la suite&#8230;<\/a><\/p>\n","protected":false},"author":3,"featured_media":0,"parent":0,"menu_order":0,"comment_status":"closed","ping_status":"closed","template":"page-templates\/empty.php","meta":{"_monsterinsights_skip_tracking":false,"_monsterinsights_sitenote_active":false,"_monsterinsights_sitenote_note":"","_monsterinsights_sitenote_category":0},"_links":{"self":[{"href":"https:\/\/www.becker-tanks.de\/fr\/wp-json\/wp\/v2\/pages\/1071"}],"collection":[{"href":"https:\/\/www.becker-tanks.de\/fr\/wp-json\/wp\/v2\/pages"}],"about":[{"href":"https:\/\/www.becker-tanks.de\/fr\/wp-json\/wp\/v2\/types\/page"}],"author":[{"embeddable":true,"href":"https:\/\/www.becker-tanks.de\/fr\/wp-json\/wp\/v2\/users\/3"}],"replies":[{"embeddable":true,"href":"https:\/\/www.becker-tanks.de\/fr\/wp-json\/wp\/v2\/comments?post=1071"}],"version-history":[{"count":3,"href":"https:\/\/www.becker-tanks.de\/fr\/wp-json\/wp\/v2\/pages\/1071\/revisions"}],"predecessor-version":[{"id":1076,"href":"https:\/\/www.becker-tanks.de\/fr\/wp-json\/wp\/v2\/pages\/1071\/revisions\/1076"}],"wp:attachment":[{"href":"https:\/\/www.becker-tanks.de\/fr\/wp-json\/wp\/v2\/media?parent=1071"}],"curies":[{"name":"wp","href":"https:\/\/api.w.org\/{rel}","templated":true}]}}