{"id":674,"date":"2018-08-23T16:34:12","date_gmt":"2018-08-23T14:34:12","guid":{"rendered":"https:\/\/www.becker-tanks.de\/competences\/"},"modified":"2018-12-12T12:58:51","modified_gmt":"2018-12-12T11:58:51","slug":"competences","status":"publish","type":"page","link":"https:\/\/www.becker-tanks.de\/fr\/entreprise\/competences\/","title":{"rendered":"Comp\u00e9tences"},"content":{"rendered":"\t\t<div data-elementor-type=\"post\" data-elementor-id=\"674\" class=\"elementor elementor-674 elementor-63\" data-elementor-settings=\"[]\">\n\t\t\t<div class=\"elementor-inner\">\n\t\t\t\t<div class=\"elementor-section-wrap\">\n\t\t\t\t\t\t\t<section data-id=\"b2fa296\" class=\"elementor-element elementor-element-b2fa296 elementor-section-full_width elementor-section-height-default elementor-section-height-default elementor-section elementor-top-section\" data-element_type=\"section\">\n\t\t\t\t\t\t<div class=\"elementor-container elementor-column-gap-no\">\n\t\t\t\t<div class=\"elementor-row\">\n\t\t\t\t<div data-id=\"9197411\" class=\"elementor-element elementor-element-9197411 elementor-column elementor-col-100 elementor-top-column\" data-element_type=\"column\">\n\t\t\t<div class=\"elementor-column-wrap  elementor-element-populated\">\n\t\t\t\t\t<div class=\"elementor-widget-wrap\">\n\t\t\t\t<div data-id=\"7019b84\" class=\"elementor-element elementor-element-7019b84 elementor-widget elementor-widget-image\" data-element_type=\"image.default\">\n\t\t\t\t<div class=\"elementor-widget-container\">\n\t\t\t\t\t<div class=\"elementor-image\">\n\t\t\t\t\t\t\t\t\t\t<img width=\"1140\" height=\"300\" src=\"https:\/\/www.becker-tanks.de\/wp-content\/uploads\/2018\/08\/Banner_Kompetenz_IMG_0535.jpg\" class=\"attachment-full size-full\" alt=\"\" decoding=\"async\" loading=\"lazy\" srcset=\"https:\/\/www.becker-tanks.de\/wp-content\/uploads\/2018\/08\/Banner_Kompetenz_IMG_0535.jpg 1140w, https:\/\/www.becker-tanks.de\/wp-content\/uploads\/2018\/08\/Banner_Kompetenz_IMG_0535-300x79.jpg 300w, https:\/\/www.becker-tanks.de\/wp-content\/uploads\/2018\/08\/Banner_Kompetenz_IMG_0535-768x202.jpg 768w, https:\/\/www.becker-tanks.de\/wp-content\/uploads\/2018\/08\/Banner_Kompetenz_IMG_0535-1024x269.jpg 1024w\" sizes=\"(max-width: 1140px) 100vw, 1140px\" \/>\t\t\t\t\t\t\t\t\t\t\t<\/div>\n\t\t\t\t<\/div>\n\t\t\t\t<\/div>\n\t\t\t\t\t\t<\/div>\n\t\t\t<\/div>\n\t\t<\/div>\n\t\t\t\t\t\t<\/div>\n\t\t\t<\/div>\n\t\t<\/section>\n\t\t\t\t<section data-id=\"d1c1f38\" class=\"elementor-element elementor-element-d1c1f38 elementor-section-boxed elementor-section-height-default elementor-section-height-default elementor-section elementor-top-section\" data-element_type=\"section\">\n\t\t\t\t\t\t<div class=\"elementor-container elementor-column-gap-default\">\n\t\t\t\t<div class=\"elementor-row\">\n\t\t\t\t<div data-id=\"4573c2f\" class=\"elementor-element elementor-element-4573c2f elementor-column elementor-col-100 elementor-top-column\" data-element_type=\"column\">\n\t\t\t<div class=\"elementor-column-wrap  elementor-element-populated\">\n\t\t\t\t\t<div class=\"elementor-widget-wrap\">\n\t\t\t\t<div data-id=\"ad1ffc3\" class=\"elementor-element elementor-element-ad1ffc3 elementor-widget elementor-widget-wp-widget-bcn_widget\" data-element_type=\"wp-widget-bcn_widget.default\">\n\t\t\t\t<div class=\"elementor-widget-container\">\n\t\t\t<div class=\"breadcrumbs\" vocab=\"https:\/\/schema.org\/\" typeof=\"BreadcrumbList\"><span property=\"itemListElement\" typeof=\"ListItem\"><a property=\"item\" typeof=\"WebPage\" title=\"Aller \u00e0 Becker Tanks.\" href=\"https:\/\/www.becker-tanks.de\/fr\/\" class=\"home\" aria-current=\"page\"><span property=\"name\">Becker Tanks<\/span><\/a><meta property=\"position\" content=\"1\"><\/span><\/div>\t\t<\/div>\n\t\t\t\t<\/div>\n\t\t\t\t\t\t<\/div>\n\t\t\t<\/div>\n\t\t<\/div>\n\t\t\t\t\t\t<\/div>\n\t\t\t<\/div>\n\t\t<\/section>\n\t\t\t\t<section data-id=\"24cf5d69\" class=\"elementor-element elementor-element-24cf5d69 elementor-section-boxed elementor-section-height-default elementor-section-height-default elementor-section elementor-top-section\" data-element_type=\"section\">\n\t\t\t\t\t\t<div class=\"elementor-container elementor-column-gap-default\">\n\t\t\t\t<div class=\"elementor-row\">\n\t\t\t\t<div data-id=\"30784bb9\" class=\"elementor-element elementor-element-30784bb9 elementor-column elementor-col-100 elementor-top-column\" data-element_type=\"column\">\n\t\t\t<div class=\"elementor-column-wrap  elementor-element-populated\">\n\t\t\t\t\t<div class=\"elementor-widget-wrap\">\n\t\t\t\t<div data-id=\"26a0bfba\" class=\"elementor-element elementor-element-26a0bfba elementor-widget elementor-widget-text-editor\" data-element_type=\"text-editor.default\">\n\t\t\t\t<div class=\"elementor-widget-container\">\n\t\t\t\t\t<div class=\"elementor-text-editor elementor-clearfix\"><h2>Comp\u00e9tences<\/h2>\n<hr \/>\n<\/div>\n\t\t\t\t<\/div>\n\t\t\t\t<\/div>\n\t\t\t\t\t\t<\/div>\n\t\t\t<\/div>\n\t\t<\/div>\n\t\t\t\t\t\t<\/div>\n\t\t\t<\/div>\n\t\t<\/section>\n\t\t\t\t<section data-id=\"31fa87d\" class=\"elementor-element elementor-element-31fa87d elementor-section-boxed elementor-section-height-default elementor-section-height-default elementor-section elementor-top-section\" data-element_type=\"section\">\n\t\t\t\t\t\t<div class=\"elementor-container elementor-column-gap-default\">\n\t\t\t\t<div class=\"elementor-row\">\n\t\t\t\t<div data-id=\"1719226\" class=\"elementor-element elementor-element-1719226 elementor-column elementor-col-50 elementor-top-column\" data-element_type=\"column\">\n\t\t\t<div class=\"elementor-column-wrap  elementor-element-populated\">\n\t\t\t\t\t<div class=\"elementor-widget-wrap\">\n\t\t\t\t<div data-id=\"caffb2f\" class=\"elementor-element elementor-element-caffb2f elementor-widget elementor-widget-text-editor\" data-element_type=\"text-editor.default\">\n\t\t\t\t<div class=\"elementor-widget-container\">\n\t\t\t\t\t<div class=\"elementor-text-editor elementor-clearfix\"><p>La soci\u00e9t\u00e9 Helmut Becker gmbh, appel\u00e9e commun\u00e9ment BECKER TANKS, est reconnue pour ses comp\u00e9tences dans le travail de l\u2019inox. Notre entreprise produit depuis plus de 30 ans des cuves en inox pour le secteur vinicole et brassicole ainsi que pour l\u2019industrie alimentaire, chimique et pharmaceutique. Notre \u00e9ventail de production va \u00e9galement des siphons et grilles d\u2019\u00e9coulement de sols aux syst\u00e8mes d\u2019assainissement des eaux us\u00e9es jusqu\u2019aux \u00e9changeurs thermiques \u00e0 plaques et circulaires pour le r\u00e9chauffement ou le refroidissement de la vendange<\/p>\n<p>Notre vaste exp\u00e9rience et notre savoir faire reconnu dans le domaine de l\u2019inox nous permet de r\u00e9aliser des produits sur mesure adapt\u00e9s \u00e0 chaque demande particuli\u00e8re du client.<br \/>\nGr\u00e2ce \u00e0 un parc de machines moderne et une flexibilit\u00e9 accrue de notre outil de production, nous sommes \u00e9galement en mesure de fabriquer des pi\u00e8ces inox en sous traitance.<br \/>\nBien s\u00fbr, nos mots d\u2019ordre sont la plus haute pr\u00e9cision dans la planification et la production, la recherche de la solution la mieux adapt\u00e9e et un souci de respect des d\u00e9lais.<\/p>\n<\/div>\n\t\t\t\t<\/div>\n\t\t\t\t<\/div>\n\t\t\t\t\t\t<\/div>\n\t\t\t<\/div>\n\t\t<\/div>\n\t\t\t\t<div data-id=\"db0eb8a\" class=\"elementor-element elementor-element-db0eb8a elementor-column elementor-col-25 elementor-top-column\" data-element_type=\"column\">\n\t\t\t<div class=\"elementor-column-wrap\">\n\t\t\t\t\t<div class=\"elementor-widget-wrap\">\n\t\t\t\t\t\t<\/div>\n\t\t\t<\/div>\n\t\t<\/div>\n\t\t\t\t<div data-id=\"994f092\" class=\"elementor-element elementor-element-994f092 elementor-column elementor-col-25 elementor-top-column\" data-element_type=\"column\">\n\t\t\t<div class=\"elementor-column-wrap  elementor-element-populated\">\n\t\t\t\t\t<div class=\"elementor-widget-wrap\">\n\t\t\t\t<div data-id=\"a9ad829\" class=\"elementor-element elementor-element-a9ad829 elementor-widget elementor-widget-image\" data-element_type=\"image.default\">\n\t\t\t\t<div class=\"elementor-widget-container\">\n\t\t\t\t\t<div class=\"elementor-image\">\n\t\t\t\t\t\t\t\t\t\t<img width=\"640\" height=\"420\" src=\"https:\/\/www.becker-tanks.de\/wp-content\/uploads\/2018\/06\/Kompetenz_IMG_0322.jpg\" class=\"attachment-large size-large\" alt=\"\" decoding=\"async\" loading=\"lazy\" srcset=\"https:\/\/www.becker-tanks.de\/wp-content\/uploads\/2018\/06\/Kompetenz_IMG_0322.jpg 640w, https:\/\/www.becker-tanks.de\/wp-content\/uploads\/2018\/06\/Kompetenz_IMG_0322-300x197.jpg 300w\" sizes=\"(max-width: 640px) 100vw, 640px\" \/>\t\t\t\t\t\t\t\t\t\t\t<\/div>\n\t\t\t\t<\/div>\n\t\t\t\t<\/div>\n\t\t\t\t\t\t<\/div>\n\t\t\t<\/div>\n\t\t<\/div>\n\t\t\t\t\t\t<\/div>\n\t\t\t<\/div>\n\t\t<\/section>\n\t\t\t\t\t\t<\/div>\n\t\t\t<\/div>\n\t\t<\/div>\n\t\t","protected":false},"excerpt":{"rendered":"<p>Comp\u00e9tences La soci\u00e9t\u00e9 Helmut Becker gmbh, appel\u00e9e commun\u00e9ment BECKER TANKS, est reconnue pour ses comp\u00e9tences dans le travail de l\u2019inox. Notre entreprise produit depuis plus de 30 ans des cuves en inox pour le secteur vinicole et brassicole ainsi que pour l\u2019industrie alimentaire, chimique et pharmaceutique. Notre \u00e9ventail de production va \u00e9galement des siphons et [&#8230;]<\/p>\n<p><a class=\"btn btn-secondary understrap-read-more-link\" href=\"https:\/\/www.becker-tanks.de\/fr\/entreprise\/competences\/\">Lire la suite&#8230;<\/a><\/p>\n","protected":false},"author":3,"featured_media":0,"parent":1071,"menu_order":0,"comment_status":"closed","ping_status":"closed","template":"page-templates\/empty.php","meta":{"_monsterinsights_skip_tracking":false,"_monsterinsights_sitenote_active":false,"_monsterinsights_sitenote_note":"","_monsterinsights_sitenote_category":0},"_links":{"self":[{"href":"https:\/\/www.becker-tanks.de\/fr\/wp-json\/wp\/v2\/pages\/674"}],"collection":[{"href":"https:\/\/www.becker-tanks.de\/fr\/wp-json\/wp\/v2\/pages"}],"about":[{"href":"https:\/\/www.becker-tanks.de\/fr\/wp-json\/wp\/v2\/types\/page"}],"author":[{"embeddable":true,"href":"https:\/\/www.becker-tanks.de\/fr\/wp-json\/wp\/v2\/users\/3"}],"replies":[{"embeddable":true,"href":"https:\/\/www.becker-tanks.de\/fr\/wp-json\/wp\/v2\/comments?post=674"}],"version-history":[{"count":4,"href":"https:\/\/www.becker-tanks.de\/fr\/wp-json\/wp\/v2\/pages\/674\/revisions"}],"predecessor-version":[{"id":1208,"href":"https:\/\/www.becker-tanks.de\/fr\/wp-json\/wp\/v2\/pages\/674\/revisions\/1208"}],"up":[{"embeddable":true,"href":"https:\/\/www.becker-tanks.de\/fr\/wp-json\/wp\/v2\/pages\/1071"}],"wp:attachment":[{"href":"https:\/\/www.becker-tanks.de\/fr\/wp-json\/wp\/v2\/media?parent=674"}],"curies":[{"name":"wp","href":"https:\/\/api.w.org\/{rel}","templated":true}]}}