{"id":677,"date":"2018-08-23T16:37:01","date_gmt":"2018-08-23T14:37:01","guid":{"rendered":"https:\/\/www.becker-tanks.de\/historique\/"},"modified":"2018-12-12T12:59:19","modified_gmt":"2018-12-12T11:59:19","slug":"historique","status":"publish","type":"page","link":"https:\/\/www.becker-tanks.de\/fr\/entreprise\/historique\/","title":{"rendered":"Historique"},"content":{"rendered":"\t\t<div data-elementor-type=\"post\" data-elementor-id=\"677\" class=\"elementor elementor-677 elementor-70\" data-elementor-settings=\"[]\">\n\t\t\t<div class=\"elementor-inner\">\n\t\t\t\t<div class=\"elementor-section-wrap\">\n\t\t\t\t\t\t\t<section data-id=\"f5bbac9\" class=\"elementor-element elementor-element-f5bbac9 elementor-section-full_width elementor-section-height-default elementor-section-height-default elementor-section elementor-top-section\" data-element_type=\"section\">\n\t\t\t\t\t\t<div class=\"elementor-container elementor-column-gap-no\">\n\t\t\t\t<div class=\"elementor-row\">\n\t\t\t\t<div data-id=\"b1f8d6e\" class=\"elementor-element elementor-element-b1f8d6e elementor-column elementor-col-100 elementor-top-column\" data-element_type=\"column\">\n\t\t\t<div class=\"elementor-column-wrap  elementor-element-populated\">\n\t\t\t\t\t<div class=\"elementor-widget-wrap\">\n\t\t\t\t<div data-id=\"e040bbd\" class=\"elementor-element elementor-element-e040bbd elementor-widget elementor-widget-image\" data-element_type=\"image.default\">\n\t\t\t\t<div class=\"elementor-widget-container\">\n\t\t\t\t\t<div class=\"elementor-image\">\n\t\t\t\t\t\t\t\t\t\t<img width=\"1140\" height=\"300\" src=\"https:\/\/www.becker-tanks.de\/wp-content\/uploads\/2018\/10\/Banner_Unternehmen-Geschichte.jpg\" class=\"attachment-full size-full\" alt=\"\" decoding=\"async\" loading=\"lazy\" srcset=\"https:\/\/www.becker-tanks.de\/wp-content\/uploads\/2018\/10\/Banner_Unternehmen-Geschichte.jpg 1140w, https:\/\/www.becker-tanks.de\/wp-content\/uploads\/2018\/10\/Banner_Unternehmen-Geschichte-300x79.jpg 300w, https:\/\/www.becker-tanks.de\/wp-content\/uploads\/2018\/10\/Banner_Unternehmen-Geschichte-768x202.jpg 768w, https:\/\/www.becker-tanks.de\/wp-content\/uploads\/2018\/10\/Banner_Unternehmen-Geschichte-1024x269.jpg 1024w\" sizes=\"(max-width: 1140px) 100vw, 1140px\" \/>\t\t\t\t\t\t\t\t\t\t\t<\/div>\n\t\t\t\t<\/div>\n\t\t\t\t<\/div>\n\t\t\t\t\t\t<\/div>\n\t\t\t<\/div>\n\t\t<\/div>\n\t\t\t\t\t\t<\/div>\n\t\t\t<\/div>\n\t\t<\/section>\n\t\t\t\t<section data-id=\"546b21b\" class=\"elementor-element elementor-element-546b21b elementor-section-boxed elementor-section-height-default elementor-section-height-default elementor-section elementor-top-section\" data-element_type=\"section\">\n\t\t\t\t\t\t<div class=\"elementor-container elementor-column-gap-default\">\n\t\t\t\t<div class=\"elementor-row\">\n\t\t\t\t<div data-id=\"3bec410\" class=\"elementor-element elementor-element-3bec410 elementor-column elementor-col-100 elementor-top-column\" data-element_type=\"column\">\n\t\t\t<div class=\"elementor-column-wrap  elementor-element-populated\">\n\t\t\t\t\t<div class=\"elementor-widget-wrap\">\n\t\t\t\t<div data-id=\"e8e0c6c\" class=\"elementor-element elementor-element-e8e0c6c elementor-widget elementor-widget-wp-widget-bcn_widget\" data-element_type=\"wp-widget-bcn_widget.default\">\n\t\t\t\t<div class=\"elementor-widget-container\">\n\t\t\t<div class=\"breadcrumbs\" vocab=\"https:\/\/schema.org\/\" typeof=\"BreadcrumbList\"><span property=\"itemListElement\" typeof=\"ListItem\"><a property=\"item\" typeof=\"WebPage\" title=\"Aller \u00e0 Becker Tanks.\" href=\"https:\/\/www.becker-tanks.de\/fr\/\" class=\"home\" aria-current=\"page\"><span property=\"name\">Becker Tanks<\/span><\/a><meta property=\"position\" content=\"1\"><\/span><\/div>\t\t<\/div>\n\t\t\t\t<\/div>\n\t\t\t\t\t\t<\/div>\n\t\t\t<\/div>\n\t\t<\/div>\n\t\t\t\t\t\t<\/div>\n\t\t\t<\/div>\n\t\t<\/section>\n\t\t\t\t<section data-id=\"357ce790\" class=\"elementor-element elementor-element-357ce790 elementor-section-boxed elementor-section-height-default elementor-section-height-default elementor-section elementor-top-section\" data-element_type=\"section\">\n\t\t\t\t\t\t<div class=\"elementor-container elementor-column-gap-default\">\n\t\t\t\t<div class=\"elementor-row\">\n\t\t\t\t<div data-id=\"6a4d4f90\" class=\"elementor-element elementor-element-6a4d4f90 elementor-column elementor-col-100 elementor-top-column\" data-element_type=\"column\">\n\t\t\t<div class=\"elementor-column-wrap  elementor-element-populated\">\n\t\t\t\t\t<div class=\"elementor-widget-wrap\">\n\t\t\t\t<div data-id=\"12835c35\" class=\"elementor-element elementor-element-12835c35 elementor-widget elementor-widget-text-editor\" data-element_type=\"text-editor.default\">\n\t\t\t\t<div class=\"elementor-widget-container\">\n\t\t\t\t\t<div class=\"elementor-text-editor elementor-clearfix\"><h2>Historique<\/h2>\n<hr \/>\n<\/div>\n\t\t\t\t<\/div>\n\t\t\t\t<\/div>\n\t\t\t\t\t\t<\/div>\n\t\t\t<\/div>\n\t\t<\/div>\n\t\t\t\t\t\t<\/div>\n\t\t\t<\/div>\n\t\t<\/section>\n\t\t\t\t<section data-id=\"f98af5d\" class=\"elementor-element elementor-element-f98af5d elementor-section-boxed elementor-section-height-default elementor-section-height-default elementor-section elementor-top-section\" data-element_type=\"section\">\n\t\t\t\t\t\t<div class=\"elementor-container elementor-column-gap-default\">\n\t\t\t\t<div class=\"elementor-row\">\n\t\t\t\t<div data-id=\"954553a\" class=\"elementor-element elementor-element-954553a elementor-column elementor-col-50 elementor-top-column\" data-element_type=\"column\">\n\t\t\t<div class=\"elementor-column-wrap  elementor-element-populated\">\n\t\t\t\t\t<div class=\"elementor-widget-wrap\">\n\t\t\t\t<div data-id=\"c916b1c\" class=\"elementor-element elementor-element-c916b1c elementor-widget elementor-widget-text-editor\" data-element_type=\"text-editor.default\">\n\t\t\t\t<div class=\"elementor-widget-container\">\n\t\t\t\t\t<div class=\"elementor-text-editor elementor-clearfix\"><p>BECKER TANKS est une entreprise familiale qui fait partie de ce \u00ab\u00a0Mittelstand\u00a0\u00bb allemand tellement mis en avant en France. Elle a \u00e9t\u00e9 cr\u00e9e par un ing\u00e9nieur Helmut Becker en 1990, sa premi\u00e8re activit\u00e9 a \u00e9t\u00e9 la construction d\u2019accessoires et de cuves en inox pour la vinification et le stockage du vin.<\/p>\n<p>Pendant longtemps, l\u2019entreprise s\u2019est forg\u00e9e une r\u00e9putation dans la construction de cuves en inox, les clients appr\u00e9ciant la qualit\u00e9 des mat\u00e9riaux, le rendu des cuves ainsi que le suivi personnalis\u00e9 depuis la prise des mesures jusqu\u2019\u00e0 l\u2019installation des cuves sur place. Cette activit\u00e9 a d\u00e9marr\u00e9 au milieu d\u2019un grand champ avec quelques employ\u00e9s \u00e0 Gau Odernheim dans le Land de Rheinhessen et s\u2019est d\u00e9velopp\u00e9e jusqu\u2019\u00e0 atteindre 45 employ\u00e9s \u00e0 ce jour.<\/p>\n<\/div>\n\t\t\t\t<\/div>\n\t\t\t\t<\/div>\n\t\t\t\t\t\t<\/div>\n\t\t\t<\/div>\n\t\t<\/div>\n\t\t\t\t<div data-id=\"26d9f95\" class=\"elementor-element elementor-element-26d9f95 elementor-column elementor-col-25 elementor-top-column\" data-element_type=\"column\">\n\t\t\t<div class=\"elementor-column-wrap\">\n\t\t\t\t\t<div class=\"elementor-widget-wrap\">\n\t\t\t\t\t\t<\/div>\n\t\t\t<\/div>\n\t\t<\/div>\n\t\t\t\t<div data-id=\"0d439ee\" class=\"elementor-element elementor-element-0d439ee elementor-column elementor-col-25 elementor-top-column\" data-element_type=\"column\">\n\t\t\t<div class=\"elementor-column-wrap  elementor-element-populated\">\n\t\t\t\t\t<div class=\"elementor-widget-wrap\">\n\t\t\t\t<div data-id=\"63d9741\" class=\"elementor-element elementor-element-63d9741 elementor-widget elementor-widget-image\" data-element_type=\"image.default\">\n\t\t\t\t<div class=\"elementor-widget-container\">\n\t\t\t\t\t<div class=\"elementor-image\">\n\t\t\t\t\t\t\t\t\t\t<img width=\"640\" height=\"360\" src=\"https:\/\/www.becker-tanks.de\/wp-content\/uploads\/2018\/08\/Unternehmen_Geschichte.jpg\" class=\"attachment-large size-large\" alt=\"\" decoding=\"async\" loading=\"lazy\" srcset=\"https:\/\/www.becker-tanks.de\/wp-content\/uploads\/2018\/08\/Unternehmen_Geschichte.jpg 640w, https:\/\/www.becker-tanks.de\/wp-content\/uploads\/2018\/08\/Unternehmen_Geschichte-300x169.jpg 300w\" sizes=\"(max-width: 640px) 100vw, 640px\" \/>\t\t\t\t\t\t\t\t\t\t\t<\/div>\n\t\t\t\t<\/div>\n\t\t\t\t<\/div>\n\t\t\t\t\t\t<\/div>\n\t\t\t<\/div>\n\t\t<\/div>\n\t\t\t\t\t\t<\/div>\n\t\t\t<\/div>\n\t\t<\/section>\n\t\t\t\t<section data-id=\"3f6a98e\" class=\"elementor-element elementor-element-3f6a98e elementor-section-boxed elementor-section-height-default elementor-section-height-default elementor-section elementor-top-section\" data-element_type=\"section\">\n\t\t\t\t\t\t<div class=\"elementor-container elementor-column-gap-default\">\n\t\t\t\t<div class=\"elementor-row\">\n\t\t\t\t<div data-id=\"bc5e62f\" class=\"elementor-element elementor-element-bc5e62f elementor-column elementor-col-50 elementor-top-column\" data-element_type=\"column\">\n\t\t\t<div class=\"elementor-column-wrap  elementor-element-populated\">\n\t\t\t\t\t<div class=\"elementor-widget-wrap\">\n\t\t\t\t<div data-id=\"efc9665\" class=\"elementor-element elementor-element-efc9665 elementor-widget elementor-widget-text-editor\" data-element_type=\"text-editor.default\">\n\t\t\t\t<div class=\"elementor-widget-container\">\n\t\t\t\t\t<div class=\"elementor-text-editor elementor-clearfix\"><p>Dans cette optique , nous nous effor\u00e7ons toujours de proposer une solution qui r\u00e9ponde le mieux aux besoins techniques et \u00e9conomiques de nos clients.<\/p>\n<\/div>\n\t\t\t\t<\/div>\n\t\t\t\t<\/div>\n\t\t\t\t\t\t<\/div>\n\t\t\t<\/div>\n\t\t<\/div>\n\t\t\t\t<div data-id=\"b47c609\" class=\"elementor-element elementor-element-b47c609 elementor-column elementor-col-25 elementor-top-column\" data-element_type=\"column\">\n\t\t\t<div class=\"elementor-column-wrap\">\n\t\t\t\t\t<div class=\"elementor-widget-wrap\">\n\t\t\t\t\t\t<\/div>\n\t\t\t<\/div>\n\t\t<\/div>\n\t\t\t\t<div data-id=\"ab8685c\" class=\"elementor-element elementor-element-ab8685c elementor-column elementor-col-25 elementor-top-column\" data-element_type=\"column\">\n\t\t\t<div class=\"elementor-column-wrap\">\n\t\t\t\t\t<div class=\"elementor-widget-wrap\">\n\t\t\t\t\t\t<\/div>\n\t\t\t<\/div>\n\t\t<\/div>\n\t\t\t\t\t\t<\/div>\n\t\t\t<\/div>\n\t\t<\/section>\n\t\t\t\t\t\t<\/div>\n\t\t\t<\/div>\n\t\t<\/div>\n\t\t","protected":false},"excerpt":{"rendered":"<p>Historique BECKER TANKS est une entreprise familiale qui fait partie de ce \u00ab Mittelstand \u00bb allemand tellement mis en avant en France. Elle a \u00e9t\u00e9 cr\u00e9e par un ing\u00e9nieur Helmut Becker en 1990, sa premi\u00e8re activit\u00e9 a \u00e9t\u00e9 la construction d\u2019accessoires et de cuves en inox pour la vinification et le stockage du vin. Pendant [&#8230;]<\/p>\n<p><a class=\"btn btn-secondary understrap-read-more-link\" href=\"https:\/\/www.becker-tanks.de\/fr\/entreprise\/historique\/\">Lire la suite&#8230;<\/a><\/p>\n","protected":false},"author":3,"featured_media":0,"parent":1071,"menu_order":1,"comment_status":"closed","ping_status":"closed","template":"page-templates\/empty.php","meta":{"_monsterinsights_skip_tracking":false,"_monsterinsights_sitenote_active":false,"_monsterinsights_sitenote_note":"","_monsterinsights_sitenote_category":0},"_links":{"self":[{"href":"https:\/\/www.becker-tanks.de\/fr\/wp-json\/wp\/v2\/pages\/677"}],"collection":[{"href":"https:\/\/www.becker-tanks.de\/fr\/wp-json\/wp\/v2\/pages"}],"about":[{"href":"https:\/\/www.becker-tanks.de\/fr\/wp-json\/wp\/v2\/types\/page"}],"author":[{"embeddable":true,"href":"https:\/\/www.becker-tanks.de\/fr\/wp-json\/wp\/v2\/users\/3"}],"replies":[{"embeddable":true,"href":"https:\/\/www.becker-tanks.de\/fr\/wp-json\/wp\/v2\/comments?post=677"}],"version-history":[{"count":6,"href":"https:\/\/www.becker-tanks.de\/fr\/wp-json\/wp\/v2\/pages\/677\/revisions"}],"predecessor-version":[{"id":1210,"href":"https:\/\/www.becker-tanks.de\/fr\/wp-json\/wp\/v2\/pages\/677\/revisions\/1210"}],"up":[{"embeddable":true,"href":"https:\/\/www.becker-tanks.de\/fr\/wp-json\/wp\/v2\/pages\/1071"}],"wp:attachment":[{"href":"https:\/\/www.becker-tanks.de\/fr\/wp-json\/wp\/v2\/media?parent=677"}],"curies":[{"name":"wp","href":"https:\/\/api.w.org\/{rel}","templated":true}]}}