{"id":685,"date":"2018-08-23T16:42:31","date_gmt":"2018-08-23T14:42:31","guid":{"rendered":"https:\/\/www.becker-tanks.de\/cuves-en-inox-vinicoles\/"},"modified":"2018-12-18T17:28:53","modified_gmt":"2018-12-18T16:28:53","slug":"cuves-en-inox-vinicoles","status":"publish","type":"page","link":"https:\/\/www.becker-tanks.de\/fr\/produits\/cuves-en-inox-vinicoles\/","title":{"rendered":"Cuves en inox vinicoles"},"content":{"rendered":"\t\t<div data-elementor-type=\"post\" data-elementor-id=\"685\" class=\"elementor elementor-685 elementor-134\" data-elementor-settings=\"[]\">\n\t\t\t<div class=\"elementor-inner\">\n\t\t\t\t<div class=\"elementor-section-wrap\">\n\t\t\t\t\t\t\t<section data-id=\"a18ae16\" class=\"elementor-element elementor-element-a18ae16 elementor-section-full_width elementor-section-height-default elementor-section-height-default elementor-section elementor-top-section\" data-element_type=\"section\">\n\t\t\t\t\t\t<div class=\"elementor-container elementor-column-gap-no\">\n\t\t\t\t<div class=\"elementor-row\">\n\t\t\t\t<div data-id=\"99508d9\" class=\"elementor-element elementor-element-99508d9 elementor-column elementor-col-100 elementor-top-column\" data-element_type=\"column\">\n\t\t\t<div class=\"elementor-column-wrap  elementor-element-populated\">\n\t\t\t\t\t<div class=\"elementor-widget-wrap\">\n\t\t\t\t<div data-id=\"56d8cac\" class=\"elementor-element elementor-element-56d8cac elementor-widget elementor-widget-image\" data-element_type=\"image.default\">\n\t\t\t\t<div class=\"elementor-widget-container\">\n\t\t\t\t\t<div class=\"elementor-image\">\n\t\t\t\t\t\t\t\t\t\t<img width=\"1140\" height=\"300\" src=\"https:\/\/www.becker-tanks.de\/wp-content\/uploads\/2018\/08\/Banner_IMG_0302.jpg\" class=\"attachment-full size-full\" alt=\"\" decoding=\"async\" loading=\"lazy\" srcset=\"https:\/\/www.becker-tanks.de\/wp-content\/uploads\/2018\/08\/Banner_IMG_0302.jpg 1140w, https:\/\/www.becker-tanks.de\/wp-content\/uploads\/2018\/08\/Banner_IMG_0302-300x79.jpg 300w, https:\/\/www.becker-tanks.de\/wp-content\/uploads\/2018\/08\/Banner_IMG_0302-768x202.jpg 768w, https:\/\/www.becker-tanks.de\/wp-content\/uploads\/2018\/08\/Banner_IMG_0302-1024x269.jpg 1024w\" sizes=\"(max-width: 1140px) 100vw, 1140px\" \/>\t\t\t\t\t\t\t\t\t\t\t<\/div>\n\t\t\t\t<\/div>\n\t\t\t\t<\/div>\n\t\t\t\t\t\t<\/div>\n\t\t\t<\/div>\n\t\t<\/div>\n\t\t\t\t\t\t<\/div>\n\t\t\t<\/div>\n\t\t<\/section>\n\t\t\t\t<section data-id=\"b0004c1\" class=\"elementor-element elementor-element-b0004c1 elementor-section-boxed elementor-section-height-default elementor-section-height-default elementor-section elementor-top-section\" data-element_type=\"section\">\n\t\t\t\t\t\t<div class=\"elementor-container elementor-column-gap-default\">\n\t\t\t\t<div class=\"elementor-row\">\n\t\t\t\t<div data-id=\"e76f66e\" class=\"elementor-element elementor-element-e76f66e elementor-column elementor-col-100 elementor-top-column\" data-element_type=\"column\">\n\t\t\t<div class=\"elementor-column-wrap  elementor-element-populated\">\n\t\t\t\t\t<div class=\"elementor-widget-wrap\">\n\t\t\t\t<div data-id=\"49adef9\" class=\"elementor-element elementor-element-49adef9 elementor-widget elementor-widget-wp-widget-bcn_widget\" data-element_type=\"wp-widget-bcn_widget.default\">\n\t\t\t\t<div class=\"elementor-widget-container\">\n\t\t\t<div class=\"breadcrumbs\" vocab=\"https:\/\/schema.org\/\" typeof=\"BreadcrumbList\"><span property=\"itemListElement\" typeof=\"ListItem\"><a property=\"item\" typeof=\"WebPage\" title=\"Aller \u00e0 Becker Tanks.\" href=\"https:\/\/www.becker-tanks.de\/fr\/\" class=\"home\" aria-current=\"page\"><span property=\"name\">Becker Tanks<\/span><\/a><meta property=\"position\" content=\"1\"><\/span><\/div>\t\t<\/div>\n\t\t\t\t<\/div>\n\t\t\t\t\t\t<\/div>\n\t\t\t<\/div>\n\t\t<\/div>\n\t\t\t\t\t\t<\/div>\n\t\t\t<\/div>\n\t\t<\/section>\n\t\t\t\t<section data-id=\"b96ee6f\" class=\"elementor-element elementor-element-b96ee6f elementor-section-boxed elementor-section-height-default elementor-section-height-default elementor-section elementor-top-section\" data-element_type=\"section\">\n\t\t\t\t\t\t<div class=\"elementor-container elementor-column-gap-default\">\n\t\t\t\t<div class=\"elementor-row\">\n\t\t\t\t<div data-id=\"9d11fd0\" class=\"elementor-element elementor-element-9d11fd0 elementor-column elementor-col-100 elementor-top-column\" data-element_type=\"column\">\n\t\t\t<div class=\"elementor-column-wrap  elementor-element-populated\">\n\t\t\t\t\t<div class=\"elementor-widget-wrap\">\n\t\t\t\t<div data-id=\"2fab423\" class=\"elementor-element elementor-element-2fab423 elementor-widget elementor-widget-text-editor\" data-element_type=\"text-editor.default\">\n\t\t\t\t<div class=\"elementor-widget-container\">\n\t\t\t\t\t<div class=\"elementor-text-editor elementor-clearfix\"><blockquote class=\"blockquote\">\n<p class=\"lead\">\u201eNous r\u00e9alisons des cuves en inox de presque toute dimension, adapt\u00e9s \u00e0 la demande du client\u201c<\/p>\n<footer class=\"blockquote-footer\">Helmut Becker, Gesch\u00e4ftsf\u00fchrer<\/footer>\n<\/blockquote>\n<\/div>\n\t\t\t\t<\/div>\n\t\t\t\t<\/div>\n\t\t\t\t\t\t<\/div>\n\t\t\t<\/div>\n\t\t<\/div>\n\t\t\t\t\t\t<\/div>\n\t\t\t<\/div>\n\t\t<\/section>\n\t\t\t\t<section data-id=\"77d18c4\" class=\"elementor-element elementor-element-77d18c4 elementor-section-boxed elementor-section-height-default elementor-section-height-default elementor-section elementor-top-section\" data-element_type=\"section\">\n\t\t\t\t\t\t<div class=\"elementor-container elementor-column-gap-default\">\n\t\t\t\t<div class=\"elementor-row\">\n\t\t\t\t<div data-id=\"afa503a\" class=\"elementor-element elementor-element-afa503a elementor-column elementor-col-50 elementor-top-column\" data-element_type=\"column\">\n\t\t\t<div class=\"elementor-column-wrap  elementor-element-populated\">\n\t\t\t\t\t<div class=\"elementor-widget-wrap\">\n\t\t\t\t<div data-id=\"9bf6464\" class=\"elementor-element elementor-element-9bf6464 elementor-widget elementor-widget-image\" data-element_type=\"image.default\">\n\t\t\t\t<div class=\"elementor-widget-container\">\n\t\t\t\t\t<div class=\"elementor-image\">\n\t\t\t\t\t\t\t\t\t\t<img width=\"635\" height=\"350\" src=\"https:\/\/www.becker-tanks.de\/wp-content\/uploads\/2018\/10\/Weinbau_Startseite_IMG_7452.jpg\" class=\"attachment-full size-full\" alt=\"\" decoding=\"async\" loading=\"lazy\" srcset=\"https:\/\/www.becker-tanks.de\/wp-content\/uploads\/2018\/10\/Weinbau_Startseite_IMG_7452.jpg 635w, https:\/\/www.becker-tanks.de\/wp-content\/uploads\/2018\/10\/Weinbau_Startseite_IMG_7452-300x165.jpg 300w\" sizes=\"(max-width: 635px) 100vw, 635px\" \/>\t\t\t\t\t\t\t\t\t\t\t<\/div>\n\t\t\t\t<\/div>\n\t\t\t\t<\/div>\n\t\t\t\t\t\t<\/div>\n\t\t\t<\/div>\n\t\t<\/div>\n\t\t\t\t<div data-id=\"d48dbef\" class=\"elementor-element elementor-element-d48dbef elementor-column elementor-col-25 elementor-top-column\" data-element_type=\"column\">\n\t\t\t<div class=\"elementor-column-wrap\">\n\t\t\t\t\t<div class=\"elementor-widget-wrap\">\n\t\t\t\t\t\t<\/div>\n\t\t\t<\/div>\n\t\t<\/div>\n\t\t\t\t<div data-id=\"da75562\" class=\"elementor-element elementor-element-da75562 elementor-column elementor-col-25 elementor-top-column\" data-element_type=\"column\">\n\t\t\t<div class=\"elementor-column-wrap  elementor-element-populated\">\n\t\t\t\t\t<div class=\"elementor-widget-wrap\">\n\t\t\t\t<div data-id=\"91463f5\" class=\"elementor-element elementor-element-91463f5 elementor-widget elementor-widget-text-editor\" data-element_type=\"text-editor.default\">\n\t\t\t\t<div class=\"elementor-widget-container\">\n\t\t\t\t\t<div class=\"elementor-text-editor elementor-clearfix\"><h1>Cuves en inox vinicoles<\/h1>\n<hr \/>\n<p>Nous construisons depuis 30 ans des cuves de stockage en inox adapt\u00e9es aux exigences \u00e9lev\u00e9es de nos clients<br \/>\nA cette occasion, nous sommes susceptibles de construire des cuves ayant une hauteur jusqu\u2019\u00e0 13 m et de capacit\u00e9 maximale de 1300 hl et ce aussi bien selon une forme cubique ou cylindrique.<\/p>\n<p>Gr\u00e2ce aux propri\u00e9t\u00e9s de l\u2019inox et aux surfaces de traitement, les cuves en inox sont hygi\u00e9niques et faciles \u00e0 entretenir.<\/p>\n<p>Toutes les cuves peuvent \u00eatre \u00e9quip\u00e9es de doubles-parois permettant la r\u00e9gulation de temp\u00e9rature des vins<\/p>\n<\/div>\n\t\t\t\t<\/div>\n\t\t\t\t<\/div>\n\t\t\t\t\t\t<\/div>\n\t\t\t<\/div>\n\t\t<\/div>\n\t\t\t\t\t\t<\/div>\n\t\t\t<\/div>\n\t\t<\/section>\n\t\t\t\t<section data-id=\"b82ec76\" class=\"elementor-element elementor-element-b82ec76 elementor-section-boxed elementor-section-height-default elementor-section-height-default elementor-section elementor-top-section\" data-element_type=\"section\">\n\t\t\t\t\t\t<div class=\"elementor-container elementor-column-gap-default\">\n\t\t\t\t<div class=\"elementor-row\">\n\t\t\t\t<div data-id=\"259433d\" class=\"elementor-element elementor-element-259433d elementor-column elementor-col-100 elementor-top-column\" data-element_type=\"column\">\n\t\t\t<div class=\"elementor-column-wrap  elementor-element-populated\">\n\t\t\t\t\t<div class=\"elementor-widget-wrap\">\n\t\t\t\t<div data-id=\"5b3b608\" class=\"elementor-element elementor-element-5b3b608 elementor-widget elementor-widget-xm-slider-with-text\" data-element_type=\"xm-slider-with-text.default\">\n\t\t\t\t<div class=\"elementor-widget-container\">\n\t\t\t<div class='slider-with-text'><div class='text-slider-wrapper'><div class='text-slider'><div class='text-slide'><p>Circulaire Sedimentations tank avec ceinture de froid.<\/p>\n<\/div><div class='text-slide'><p>Circulaire cuve de vinification avec fr\u00e9quence moteur, y compris passerelle. Complete n acier inoxydable.<\/p>\n<\/div><div class='text-slide'><p>Circulaire palier tank aussie bien que emmagasiner \u201eSchildtanks\u201c avec une passerelle complet en acier inoxydable.<\/p>\n<\/div><div class='text-slide'><p>Circulaire palier tank avec ceinture de froid.<\/p>\n<\/div><div class='text-slide'><p>Cuves Paragalb\u00e9es<\/p>\n<\/div><\/div><\/div><div class='image-slider-wrapper'><div class='image-slider'><div class='image-slide'><img src='https:\/\/www.becker-tanks.de\/wp-content\/uploads\/2018\/10\/Slider_Weinbau_IMG_7480.jpg'\/><\/div><div class='image-slide'><img src='https:\/\/www.becker-tanks.de\/wp-content\/uploads\/2018\/10\/Slider_Weinbau_bild005.jpg'\/><\/div><div class='image-slide'><img src='https:\/\/www.becker-tanks.de\/wp-content\/uploads\/2018\/10\/Slider_Weinbau_IMG_7491.jpg'\/><\/div><div class='image-slide'><img src='https:\/\/www.becker-tanks.de\/wp-content\/uploads\/2018\/10\/Slider_Weinbau_IMG_0107.jpg'\/><\/div><div class='image-slide'><img src='https:\/\/www.becker-tanks.de\/wp-content\/uploads\/2018\/12\/Becker_Tank_Produkte_Edelstahlbehaelter_Weinbau_05.jpg'\/><\/div><\/div><\/div><\/div>\t\t<\/div>\n\t\t\t\t<\/div>\n\t\t\t\t\t\t<\/div>\n\t\t\t<\/div>\n\t\t<\/div>\n\t\t\t\t\t\t<\/div>\n\t\t\t<\/div>\n\t\t<\/section>\n\t\t\t\t\t\t<\/div>\n\t\t\t<\/div>\n\t\t<\/div>\n\t\t","protected":false},"excerpt":{"rendered":"<p>Nous r\u00e9alisons des cuves en inox de presque toute dimension, adapt\u00e9s \u00e0 la demande du client [&#8230;]<\/p>\n<p><a class=\"btn btn-secondary understrap-read-more-link\" href=\"https:\/\/www.becker-tanks.de\/fr\/produits\/cuves-en-inox-vinicoles\/\">Lire la suite&#8230;<\/a><\/p>\n","protected":false},"author":3,"featured_media":871,"parent":770,"menu_order":0,"comment_status":"closed","ping_status":"closed","template":"page-templates\/empty.php","meta":{"_monsterinsights_skip_tracking":false,"_monsterinsights_sitenote_active":false,"_monsterinsights_sitenote_note":"","_monsterinsights_sitenote_category":0},"_links":{"self":[{"href":"https:\/\/www.becker-tanks.de\/fr\/wp-json\/wp\/v2\/pages\/685"}],"collection":[{"href":"https:\/\/www.becker-tanks.de\/fr\/wp-json\/wp\/v2\/pages"}],"about":[{"href":"https:\/\/www.becker-tanks.de\/fr\/wp-json\/wp\/v2\/types\/page"}],"author":[{"embeddable":true,"href":"https:\/\/www.becker-tanks.de\/fr\/wp-json\/wp\/v2\/users\/3"}],"replies":[{"embeddable":true,"href":"https:\/\/www.becker-tanks.de\/fr\/wp-json\/wp\/v2\/comments?post=685"}],"version-history":[{"count":6,"href":"https:\/\/www.becker-tanks.de\/fr\/wp-json\/wp\/v2\/pages\/685\/revisions"}],"predecessor-version":[{"id":1228,"href":"https:\/\/www.becker-tanks.de\/fr\/wp-json\/wp\/v2\/pages\/685\/revisions\/1228"}],"up":[{"embeddable":true,"href":"https:\/\/www.becker-tanks.de\/fr\/wp-json\/wp\/v2\/pages\/770"}],"wp:featuredmedia":[{"embeddable":true,"href":"https:\/\/www.becker-tanks.de\/fr\/wp-json\/wp\/v2\/media\/871"}],"wp:attachment":[{"href":"https:\/\/www.becker-tanks.de\/fr\/wp-json\/wp\/v2\/media?parent=685"}],"curies":[{"name":"wp","href":"https:\/\/api.w.org\/{rel}","templated":true}]}}