{"id":781,"date":"2018-10-15T10:57:56","date_gmt":"2018-10-15T08:57:56","guid":{"rendered":"https:\/\/www.becker-tanks.de\/produits\/constructions-speciales\/"},"modified":"2018-12-19T08:46:25","modified_gmt":"2018-12-19T07:46:25","slug":"constructions-speciales","status":"publish","type":"page","link":"https:\/\/www.becker-tanks.de\/fr\/produits\/constructions-speciales\/","title":{"rendered":"Constructions sp\u00e9ciales"},"content":{"rendered":"\t\t<div data-elementor-type=\"post\" data-elementor-id=\"781\" class=\"elementor elementor-781 elementor-175\" data-elementor-settings=\"[]\">\n\t\t\t<div class=\"elementor-inner\">\n\t\t\t\t<div class=\"elementor-section-wrap\">\n\t\t\t\t\t\t\t<section data-id=\"402bd034\" class=\"elementor-element elementor-element-402bd034 elementor-section-full_width elementor-section-height-default elementor-section-height-default elementor-section elementor-top-section\" data-element_type=\"section\">\n\t\t\t\t\t\t<div class=\"elementor-container elementor-column-gap-no\">\n\t\t\t\t<div class=\"elementor-row\">\n\t\t\t\t<div data-id=\"11aec672\" class=\"elementor-element elementor-element-11aec672 elementor-column elementor-col-100 elementor-top-column\" data-element_type=\"column\">\n\t\t\t<div class=\"elementor-column-wrap  elementor-element-populated\">\n\t\t\t\t\t<div class=\"elementor-widget-wrap\">\n\t\t\t\t<div data-id=\"101b1090\" class=\"elementor-element elementor-element-101b1090 elementor-widget elementor-widget-image\" data-element_type=\"image.default\">\n\t\t\t\t<div class=\"elementor-widget-container\">\n\t\t\t\t\t<div class=\"elementor-image\">\n\t\t\t\t\t\t\t\t\t\t<img width=\"1140\" height=\"300\" src=\"https:\/\/www.becker-tanks.de\/wp-content\/uploads\/2018\/08\/Banner_IMG_0302.jpg\" class=\"attachment-full size-full\" alt=\"\" decoding=\"async\" loading=\"lazy\" srcset=\"https:\/\/www.becker-tanks.de\/wp-content\/uploads\/2018\/08\/Banner_IMG_0302.jpg 1140w, https:\/\/www.becker-tanks.de\/wp-content\/uploads\/2018\/08\/Banner_IMG_0302-300x79.jpg 300w, https:\/\/www.becker-tanks.de\/wp-content\/uploads\/2018\/08\/Banner_IMG_0302-768x202.jpg 768w, https:\/\/www.becker-tanks.de\/wp-content\/uploads\/2018\/08\/Banner_IMG_0302-1024x269.jpg 1024w\" sizes=\"(max-width: 1140px) 100vw, 1140px\" \/>\t\t\t\t\t\t\t\t\t\t\t<\/div>\n\t\t\t\t<\/div>\n\t\t\t\t<\/div>\n\t\t\t\t\t\t<\/div>\n\t\t\t<\/div>\n\t\t<\/div>\n\t\t\t\t\t\t<\/div>\n\t\t\t<\/div>\n\t\t<\/section>\n\t\t\t\t<section data-id=\"23d88545\" class=\"elementor-element elementor-element-23d88545 elementor-section-boxed elementor-section-height-default elementor-section-height-default elementor-section elementor-top-section\" data-element_type=\"section\">\n\t\t\t\t\t\t<div class=\"elementor-container elementor-column-gap-default\">\n\t\t\t\t<div class=\"elementor-row\">\n\t\t\t\t<div data-id=\"cf919ae\" class=\"elementor-element elementor-element-cf919ae elementor-column elementor-col-100 elementor-top-column\" data-element_type=\"column\">\n\t\t\t<div class=\"elementor-column-wrap  elementor-element-populated\">\n\t\t\t\t\t<div class=\"elementor-widget-wrap\">\n\t\t\t\t<div data-id=\"7cee873c\" class=\"elementor-element elementor-element-7cee873c elementor-widget elementor-widget-wp-widget-bcn_widget\" data-element_type=\"wp-widget-bcn_widget.default\">\n\t\t\t\t<div class=\"elementor-widget-container\">\n\t\t\t<div class=\"breadcrumbs\" vocab=\"https:\/\/schema.org\/\" typeof=\"BreadcrumbList\"><span property=\"itemListElement\" typeof=\"ListItem\"><a property=\"item\" typeof=\"WebPage\" title=\"Aller \u00e0 Becker Tanks.\" href=\"https:\/\/www.becker-tanks.de\/fr\/\" class=\"home\" aria-current=\"page\"><span property=\"name\">Becker Tanks<\/span><\/a><meta property=\"position\" content=\"1\"><\/span><\/div>\t\t<\/div>\n\t\t\t\t<\/div>\n\t\t\t\t\t\t<\/div>\n\t\t\t<\/div>\n\t\t<\/div>\n\t\t\t\t\t\t<\/div>\n\t\t\t<\/div>\n\t\t<\/section>\n\t\t\t\t<section data-id=\"1bf6f4a6\" class=\"elementor-element elementor-element-1bf6f4a6 elementor-section-boxed elementor-section-height-default elementor-section-height-default elementor-section elementor-top-section\" data-element_type=\"section\">\n\t\t\t\t\t\t<div class=\"elementor-container elementor-column-gap-default\">\n\t\t\t\t<div class=\"elementor-row\">\n\t\t\t\t<div data-id=\"50931051\" class=\"elementor-element elementor-element-50931051 elementor-column elementor-col-100 elementor-top-column\" data-element_type=\"column\">\n\t\t\t<div class=\"elementor-column-wrap  elementor-element-populated\">\n\t\t\t\t\t<div class=\"elementor-widget-wrap\">\n\t\t\t\t<div data-id=\"1f2b5086\" class=\"elementor-element elementor-element-1f2b5086 elementor-widget elementor-widget-text-editor\" data-element_type=\"text-editor.default\">\n\t\t\t\t<div class=\"elementor-widget-container\">\n\t\t\t\t\t<div class=\"elementor-text-editor elementor-clearfix\"><blockquote class=\"blockquote\">\n<p class=\"lead\">\u201eNous laissons les projets des utilisateurs devenir r\u00e9alit\u00e9.\u201c<\/p>\n<footer class=\"blockquote-footer\">Richard Skowron, Prokurist<\/footer>\n<\/blockquote>\n<\/div>\n\t\t\t\t<\/div>\n\t\t\t\t<\/div>\n\t\t\t\t\t\t<\/div>\n\t\t\t<\/div>\n\t\t<\/div>\n\t\t\t\t\t\t<\/div>\n\t\t\t<\/div>\n\t\t<\/section>\n\t\t\t\t<section data-id=\"1dadc61c\" class=\"elementor-element elementor-element-1dadc61c elementor-section-boxed elementor-section-height-default elementor-section-height-default elementor-section elementor-top-section\" data-element_type=\"section\">\n\t\t\t\t\t\t<div class=\"elementor-container elementor-column-gap-default\">\n\t\t\t\t<div class=\"elementor-row\">\n\t\t\t\t<div data-id=\"38cd8989\" class=\"elementor-element elementor-element-38cd8989 elementor-column elementor-col-50 elementor-top-column\" data-element_type=\"column\">\n\t\t\t<div class=\"elementor-column-wrap  elementor-element-populated\">\n\t\t\t\t\t<div class=\"elementor-widget-wrap\">\n\t\t\t\t<div data-id=\"6b55327d\" class=\"elementor-element elementor-element-6b55327d elementor-widget elementor-widget-image\" data-element_type=\"image.default\">\n\t\t\t\t<div class=\"elementor-widget-container\">\n\t\t\t\t\t<div class=\"elementor-image\">\n\t\t\t\t\t\t\t\t\t\t<img width=\"520\" height=\"480\" src=\"https:\/\/www.becker-tanks.de\/wp-content\/uploads\/2018\/08\/Sonderbau_IMG_0253.jpg\" class=\"attachment-large size-large\" alt=\"\" decoding=\"async\" loading=\"lazy\" srcset=\"https:\/\/www.becker-tanks.de\/wp-content\/uploads\/2018\/08\/Sonderbau_IMG_0253.jpg 520w, https:\/\/www.becker-tanks.de\/wp-content\/uploads\/2018\/08\/Sonderbau_IMG_0253-300x277.jpg 300w\" sizes=\"(max-width: 520px) 100vw, 520px\" \/>\t\t\t\t\t\t\t\t\t\t\t<\/div>\n\t\t\t\t<\/div>\n\t\t\t\t<\/div>\n\t\t\t\t\t\t<\/div>\n\t\t\t<\/div>\n\t\t<\/div>\n\t\t\t\t<div data-id=\"1d0a8e49\" class=\"elementor-element elementor-element-1d0a8e49 elementor-column elementor-col-25 elementor-top-column\" data-element_type=\"column\">\n\t\t\t<div class=\"elementor-column-wrap\">\n\t\t\t\t\t<div class=\"elementor-widget-wrap\">\n\t\t\t\t\t\t<\/div>\n\t\t\t<\/div>\n\t\t<\/div>\n\t\t\t\t<div data-id=\"431f2a06\" class=\"elementor-element elementor-element-431f2a06 elementor-column elementor-col-25 elementor-top-column\" data-element_type=\"column\">\n\t\t\t<div class=\"elementor-column-wrap  elementor-element-populated\">\n\t\t\t\t\t<div class=\"elementor-widget-wrap\">\n\t\t\t\t<div data-id=\"627ec7ad\" class=\"elementor-element elementor-element-627ec7ad elementor-widget elementor-widget-text-editor\" data-element_type=\"text-editor.default\">\n\t\t\t\t<div class=\"elementor-widget-container\">\n\t\t\t\t\t<div class=\"elementor-text-editor elementor-clearfix\"><h1>Constructions sp\u00e9ciales<\/h1>\n<hr \/>\n<p>Dire <strong>\u00ab\u00a0cela ne va pas, cela n\u2019existe pas\u00a0!\u00a0\u00bb<\/strong> D\u2019apr\u00e8s ce mot d\u2019ordre, nous r\u00e9alisons les demandes sp\u00e9cifiques de nos clients, pour ceux qui recherchent le particulier, l\u2019inhabituel ou la solution qui fera jaillir une innovation. Tout ce que nous pouvons r\u00e9aliser avec nos machines tout en proposant un prix comp\u00e9titif, nous le r\u00e9alisons avec la qualit\u00e9 requise.<\/p>\n<p>Gr\u00e2ce \u00e0 notre bureau d\u2019\u00e9tudes interne, nous pouvons proposer une large palette de projets et d\u2019applications et les r\u00e9aliser. Cela va de la passerelle \u00e0 des containers de transport, des bacs de r\u00e9ception aux bennes basculantes pour les mati\u00e8res en vrac, des boxes pour chevaux jusqu\u2019aux cabines de douches. Nous produisons \u00e9galement des supports publicitaires externes devant r\u00e9sister aux intemp\u00e9ries, des \u00e9l\u00e9ments de pr\u00e9sentation pour les foires.<\/p>\n<p>Nous projetons et r\u00e9alisons selon votre demande. Venez nous consulter, nous vous \u00e9tablirons une offre adapt\u00e9e et d\u00e9taill\u00e9e.<\/p>\n<p>&nbsp;<\/p>\n<\/div>\n\t\t\t\t<\/div>\n\t\t\t\t<\/div>\n\t\t\t\t\t\t<\/div>\n\t\t\t<\/div>\n\t\t<\/div>\n\t\t\t\t\t\t<\/div>\n\t\t\t<\/div>\n\t\t<\/section>\n\t\t\t\t<section data-id=\"e6380ac\" class=\"elementor-element elementor-element-e6380ac elementor-section-boxed elementor-section-height-default elementor-section-height-default elementor-section elementor-top-section\" data-element_type=\"section\">\n\t\t\t\t\t\t<div class=\"elementor-container elementor-column-gap-default\">\n\t\t\t\t<div class=\"elementor-row\">\n\t\t\t\t<div data-id=\"23a1491\" class=\"elementor-element elementor-element-23a1491 elementor-column elementor-col-100 elementor-top-column\" data-element_type=\"column\">\n\t\t\t<div class=\"elementor-column-wrap  elementor-element-populated\">\n\t\t\t\t\t<div class=\"elementor-widget-wrap\">\n\t\t\t\t<div data-id=\"848a1ed\" class=\"elementor-element elementor-element-848a1ed elementor-widget elementor-widget-xm-slider-with-text\" data-element_type=\"xm-slider-with-text.default\">\n\t\t\t\t<div class=\"elementor-widget-container\">\n\t\t\t<div class='slider-with-text'><div class='text-slider-wrapper'><div class='text-slider'><div class='text-slide'><p>Fast heating unit. Capacity 18 to\/h.<\/p>\n<\/div><div class='text-slide'><p>Round transporttank with mixer. With freq. controlled motor and electrical slide plate for the outlet. Mounted on a truck.<\/p>\n<\/div><div class='text-slide'><p>Galvanized steel frame with catwalk completely made of stainless steel.<\/p>\n<\/div><div class='text-slide'><p>Recreation- and training box for horses, with treadnmill.<\/p>\n<\/div><div class='text-slide'><p>Portable Tank with driveable Frame.<\/p>\n<\/div><div class='text-slide'><p>Grape presumtion with storagetank and agitationtank. Set up on a steel frame with a catwalk.<\/p>\n<\/div><\/div><\/div><div class='image-slider-wrapper'><div class='image-slider'><div class='image-slide'><img src='https:\/\/www.becker-tanks.de\/wp-content\/uploads\/2018\/08\/Sonderbau_Slider1_IMG_0743.jpg'\/><\/div><div class='image-slide'><img src='https:\/\/www.becker-tanks.de\/wp-content\/uploads\/2018\/10\/Slider_Sonderbau_IMG_1437.jpg'\/><\/div><div class='image-slide'><img src='https:\/\/www.becker-tanks.de\/wp-content\/uploads\/2018\/10\/Slider_Sonderbau_IMG_2185.jpg'\/><\/div><div class='image-slide'><img src='https:\/\/www.becker-tanks.de\/wp-content\/uploads\/2018\/10\/Slider_Sonderbau_IMG_1035.jpg'\/><\/div><div class='image-slide'><img src='https:\/\/www.becker-tanks.de\/wp-content\/uploads\/2018\/12\/Becker_Tank_Produkte_Edelstahlbehaelter_Sonderbau_05.jpg'\/><\/div><div class='image-slide'><img src='https:\/\/www.becker-tanks.de\/wp-content\/uploads\/2018\/12\/Becker_Tank_Produkte_Edelstahlbehaelter_Sonderbau_06.jpg'\/><\/div><\/div><\/div><\/div>\t\t<\/div>\n\t\t\t\t<\/div>\n\t\t\t\t\t\t<\/div>\n\t\t\t<\/div>\n\t\t<\/div>\n\t\t\t\t\t\t<\/div>\n\t\t\t<\/div>\n\t\t<\/section>\n\t\t\t\t\t\t<\/div>\n\t\t\t<\/div>\n\t\t<\/div>\n\t\t","protected":false},"excerpt":{"rendered":"<p>Nous laissons les projets des utilisateurs devenir r\u00e9alit\u00e9. [&#8230;]<\/p>\n<p><a class=\"btn btn-secondary understrap-read-more-link\" href=\"https:\/\/www.becker-tanks.de\/fr\/produits\/constructions-speciales\/\">Lire la suite&#8230;<\/a><\/p>\n","protected":false},"author":3,"featured_media":788,"parent":770,"menu_order":2,"comment_status":"closed","ping_status":"closed","template":"page-templates\/empty.php","meta":{"_monsterinsights_skip_tracking":false,"_monsterinsights_sitenote_active":false,"_monsterinsights_sitenote_note":"","_monsterinsights_sitenote_category":0},"_links":{"self":[{"href":"https:\/\/www.becker-tanks.de\/fr\/wp-json\/wp\/v2\/pages\/781"}],"collection":[{"href":"https:\/\/www.becker-tanks.de\/fr\/wp-json\/wp\/v2\/pages"}],"about":[{"href":"https:\/\/www.becker-tanks.de\/fr\/wp-json\/wp\/v2\/types\/page"}],"author":[{"embeddable":true,"href":"https:\/\/www.becker-tanks.de\/fr\/wp-json\/wp\/v2\/users\/3"}],"replies":[{"embeddable":true,"href":"https:\/\/www.becker-tanks.de\/fr\/wp-json\/wp\/v2\/comments?post=781"}],"version-history":[{"count":6,"href":"https:\/\/www.becker-tanks.de\/fr\/wp-json\/wp\/v2\/pages\/781\/revisions"}],"predecessor-version":[{"id":1230,"href":"https:\/\/www.becker-tanks.de\/fr\/wp-json\/wp\/v2\/pages\/781\/revisions\/1230"}],"up":[{"embeddable":true,"href":"https:\/\/www.becker-tanks.de\/fr\/wp-json\/wp\/v2\/pages\/770"}],"wp:featuredmedia":[{"embeddable":true,"href":"https:\/\/www.becker-tanks.de\/fr\/wp-json\/wp\/v2\/media\/788"}],"wp:attachment":[{"href":"https:\/\/www.becker-tanks.de\/fr\/wp-json\/wp\/v2\/media?parent=781"}],"curies":[{"name":"wp","href":"https:\/\/api.w.org\/{rel}","templated":true}]}}