{"id":802,"date":"2018-10-15T11:03:14","date_gmt":"2018-10-15T09:03:14","guid":{"rendered":"https:\/\/www.becker-tanks.de\/produits\/evacuation-des-eaux-usees\/"},"modified":"2018-12-19T08:48:30","modified_gmt":"2018-12-19T07:48:30","slug":"evacuation-des-eaux-usees","status":"publish","type":"page","link":"https:\/\/www.becker-tanks.de\/fr\/produits\/evacuation-des-eaux-usees\/","title":{"rendered":"Evacuation des eaux us\u00e9es"},"content":{"rendered":"\t\t<div data-elementor-type=\"post\" data-elementor-id=\"802\" class=\"elementor elementor-802 elementor-191\" data-elementor-settings=\"[]\">\n\t\t\t<div class=\"elementor-inner\">\n\t\t\t\t<div class=\"elementor-section-wrap\">\n\t\t\t\t\t\t\t<section data-id=\"76b69eac\" class=\"elementor-element elementor-element-76b69eac elementor-section-full_width elementor-section-height-default elementor-section-height-default elementor-section elementor-top-section\" data-element_type=\"section\">\n\t\t\t\t\t\t<div class=\"elementor-container elementor-column-gap-no\">\n\t\t\t\t<div class=\"elementor-row\">\n\t\t\t\t<div data-id=\"70e5b9e3\" class=\"elementor-element elementor-element-70e5b9e3 elementor-column elementor-col-100 elementor-top-column\" data-element_type=\"column\">\n\t\t\t<div class=\"elementor-column-wrap  elementor-element-populated\">\n\t\t\t\t\t<div class=\"elementor-widget-wrap\">\n\t\t\t\t<div data-id=\"1b362b61\" class=\"elementor-element elementor-element-1b362b61 elementor-widget elementor-widget-image\" data-element_type=\"image.default\">\n\t\t\t\t<div class=\"elementor-widget-container\">\n\t\t\t\t\t<div class=\"elementor-image\">\n\t\t\t\t\t\t\t\t\t\t<img width=\"1140\" height=\"300\" src=\"https:\/\/www.becker-tanks.de\/wp-content\/uploads\/2018\/08\/Banner_Abwassertechnik_IMG_0377-2.jpg\" class=\"attachment-full size-full\" alt=\"\" decoding=\"async\" loading=\"lazy\" srcset=\"https:\/\/www.becker-tanks.de\/wp-content\/uploads\/2018\/08\/Banner_Abwassertechnik_IMG_0377-2.jpg 1140w, https:\/\/www.becker-tanks.de\/wp-content\/uploads\/2018\/08\/Banner_Abwassertechnik_IMG_0377-2-300x79.jpg 300w, https:\/\/www.becker-tanks.de\/wp-content\/uploads\/2018\/08\/Banner_Abwassertechnik_IMG_0377-2-768x202.jpg 768w, https:\/\/www.becker-tanks.de\/wp-content\/uploads\/2018\/08\/Banner_Abwassertechnik_IMG_0377-2-1024x269.jpg 1024w\" sizes=\"(max-width: 1140px) 100vw, 1140px\" \/>\t\t\t\t\t\t\t\t\t\t\t<\/div>\n\t\t\t\t<\/div>\n\t\t\t\t<\/div>\n\t\t\t\t\t\t<\/div>\n\t\t\t<\/div>\n\t\t<\/div>\n\t\t\t\t\t\t<\/div>\n\t\t\t<\/div>\n\t\t<\/section>\n\t\t\t\t<section data-id=\"34df53fb\" class=\"elementor-element elementor-element-34df53fb elementor-section-boxed elementor-section-height-default elementor-section-height-default elementor-section elementor-top-section\" data-element_type=\"section\">\n\t\t\t\t\t\t<div class=\"elementor-container elementor-column-gap-default\">\n\t\t\t\t<div class=\"elementor-row\">\n\t\t\t\t<div data-id=\"5338211\" class=\"elementor-element elementor-element-5338211 elementor-column elementor-col-100 elementor-top-column\" data-element_type=\"column\">\n\t\t\t<div class=\"elementor-column-wrap  elementor-element-populated\">\n\t\t\t\t\t<div class=\"elementor-widget-wrap\">\n\t\t\t\t<div data-id=\"57cf47c1\" class=\"elementor-element elementor-element-57cf47c1 elementor-widget elementor-widget-wp-widget-bcn_widget\" data-element_type=\"wp-widget-bcn_widget.default\">\n\t\t\t\t<div class=\"elementor-widget-container\">\n\t\t\t<div class=\"breadcrumbs\" vocab=\"https:\/\/schema.org\/\" typeof=\"BreadcrumbList\"><span property=\"itemListElement\" typeof=\"ListItem\"><a property=\"item\" typeof=\"WebPage\" title=\"Aller \u00e0 Becker Tanks.\" href=\"https:\/\/www.becker-tanks.de\/fr\/\" class=\"home\" aria-current=\"page\"><span property=\"name\">Becker Tanks<\/span><\/a><meta property=\"position\" content=\"1\"><\/span><\/div>\t\t<\/div>\n\t\t\t\t<\/div>\n\t\t\t\t\t\t<\/div>\n\t\t\t<\/div>\n\t\t<\/div>\n\t\t\t\t\t\t<\/div>\n\t\t\t<\/div>\n\t\t<\/section>\n\t\t\t\t<section data-id=\"30aa56de\" class=\"elementor-element elementor-element-30aa56de elementor-section-boxed elementor-section-height-default elementor-section-height-default elementor-section elementor-top-section\" data-element_type=\"section\">\n\t\t\t\t\t\t<div class=\"elementor-container elementor-column-gap-default\">\n\t\t\t\t<div class=\"elementor-row\">\n\t\t\t\t<div data-id=\"2a8d3ba1\" class=\"elementor-element elementor-element-2a8d3ba1 elementor-column elementor-col-100 elementor-top-column\" data-element_type=\"column\">\n\t\t\t<div class=\"elementor-column-wrap  elementor-element-populated\">\n\t\t\t\t\t<div class=\"elementor-widget-wrap\">\n\t\t\t\t<div data-id=\"7b983ae0\" class=\"elementor-element elementor-element-7b983ae0 elementor-widget elementor-widget-text-editor\" data-element_type=\"text-editor.default\">\n\t\t\t\t<div class=\"elementor-widget-container\">\n\t\t\t\t\t<div class=\"elementor-text-editor elementor-clearfix\"><blockquote class=\"blockquote\">\n<p class=\"lead\">\u201eL\u00e0 o\u00f9 il est n\u00e9cessaire de disposer de techniques d\u2019\u00e9vacuation des eaux robustes, nos syst\u00e8mes en inox sont les plus adapt\u00e9s.\u201c<\/p>\n<footer class=\"blockquote-footer\">Helmut Becker, Gesch\u00e4ftsf\u00fchrer<\/footer>\n<\/blockquote>\n<\/div>\n\t\t\t\t<\/div>\n\t\t\t\t<\/div>\n\t\t\t\t\t\t<\/div>\n\t\t\t<\/div>\n\t\t<\/div>\n\t\t\t\t\t\t<\/div>\n\t\t\t<\/div>\n\t\t<\/section>\n\t\t\t\t<section data-id=\"28eb5c21\" class=\"elementor-element elementor-element-28eb5c21 elementor-section-boxed elementor-section-height-default elementor-section-height-default elementor-section elementor-top-section\" data-element_type=\"section\">\n\t\t\t\t\t\t<div class=\"elementor-container elementor-column-gap-default\">\n\t\t\t\t<div class=\"elementor-row\">\n\t\t\t\t<div data-id=\"163bd76a\" class=\"elementor-element elementor-element-163bd76a elementor-column elementor-col-50 elementor-top-column\" data-element_type=\"column\">\n\t\t\t<div class=\"elementor-column-wrap  elementor-element-populated\">\n\t\t\t\t\t<div class=\"elementor-widget-wrap\">\n\t\t\t\t<div data-id=\"24ea3ac0\" class=\"elementor-element elementor-element-24ea3ac0 elementor-widget elementor-widget-image\" data-element_type=\"image.default\">\n\t\t\t\t<div class=\"elementor-widget-container\">\n\t\t\t\t\t<div class=\"elementor-image\">\n\t\t\t\t\t\t\t\t\t\t<img width=\"520\" height=\"480\" src=\"https:\/\/www.becker-tanks.de\/wp-content\/uploads\/2018\/06\/Abwasser_IMG_0356.jpg\" class=\"attachment-large size-large\" alt=\"\" decoding=\"async\" loading=\"lazy\" srcset=\"https:\/\/www.becker-tanks.de\/wp-content\/uploads\/2018\/06\/Abwasser_IMG_0356.jpg 520w, https:\/\/www.becker-tanks.de\/wp-content\/uploads\/2018\/06\/Abwasser_IMG_0356-300x277.jpg 300w\" sizes=\"(max-width: 520px) 100vw, 520px\" \/>\t\t\t\t\t\t\t\t\t\t\t<\/div>\n\t\t\t\t<\/div>\n\t\t\t\t<\/div>\n\t\t\t\t\t\t<\/div>\n\t\t\t<\/div>\n\t\t<\/div>\n\t\t\t\t<div data-id=\"3e2b9f84\" class=\"elementor-element elementor-element-3e2b9f84 elementor-column elementor-col-25 elementor-top-column\" data-element_type=\"column\">\n\t\t\t<div class=\"elementor-column-wrap\">\n\t\t\t\t\t<div class=\"elementor-widget-wrap\">\n\t\t\t\t\t\t<\/div>\n\t\t\t<\/div>\n\t\t<\/div>\n\t\t\t\t<div data-id=\"53fd0804\" class=\"elementor-element elementor-element-53fd0804 elementor-column elementor-col-25 elementor-top-column\" data-element_type=\"column\">\n\t\t\t<div class=\"elementor-column-wrap  elementor-element-populated\">\n\t\t\t\t\t<div class=\"elementor-widget-wrap\">\n\t\t\t\t<div data-id=\"6dfaa61e\" class=\"elementor-element elementor-element-6dfaa61e elementor-widget elementor-widget-text-editor\" data-element_type=\"text-editor.default\">\n\t\t\t\t<div class=\"elementor-widget-container\">\n\t\t\t\t\t<div class=\"elementor-text-editor elementor-clearfix\"><h1>Evacuation des eaux us\u00e9es<\/h1>\n<hr \/>\n<p>Partout o\u00f9 il est n\u00e9cessaire de disposer de techniques d\u2019\u00e9vacuation des eaux robustes, nos syst\u00e8mes en inox 316 sont les plus adapt\u00e9s.<\/p>\n<p>Que ce soit dans les stations de lavage de voitures, dans l\u2019\u00e9vacuation de solutions de nettoyage et chimiques dans les installations industrielles, dans les caves vinicoles ou les abattoirs, nos caniveaux d\u2019\u00e9vacuation des eaux sont robustes et stables dans le temps car leur bordure est renforc\u00e9e.<\/p>\n<p>Nos caniveaux et caissons d\u2019\u00e9vacuation sont adapt\u00e9s aux dimensions et aux applications de nos clients. Les caissons disposent d\u2019un panier inox de r\u00e9cup\u00e9ration des d\u00e9chets et d\u2019un siphon anti-odeurs.<br \/>\nVous pouvez vous reposer sur notre exp\u00e9rience de 15 ans dans le domaine de l\u2019\u00e9vacuation des eaux us\u00e9es!<\/p>\n<\/div>\n\t\t\t\t<\/div>\n\t\t\t\t<\/div>\n\t\t\t\t\t\t<\/div>\n\t\t\t<\/div>\n\t\t<\/div>\n\t\t\t\t\t\t<\/div>\n\t\t\t<\/div>\n\t\t<\/section>\n\t\t\t\t<section data-id=\"ebabb80\" class=\"elementor-element elementor-element-ebabb80 elementor-section-boxed elementor-section-height-default elementor-section-height-default elementor-section elementor-top-section\" data-element_type=\"section\">\n\t\t\t\t\t\t<div class=\"elementor-container elementor-column-gap-default\">\n\t\t\t\t<div class=\"elementor-row\">\n\t\t\t\t<div data-id=\"2125f36\" class=\"elementor-element elementor-element-2125f36 elementor-column elementor-col-100 elementor-top-column\" data-element_type=\"column\">\n\t\t\t<div class=\"elementor-column-wrap  elementor-element-populated\">\n\t\t\t\t\t<div class=\"elementor-widget-wrap\">\n\t\t\t\t<div data-id=\"701ad13\" class=\"elementor-element elementor-element-701ad13 elementor-widget elementor-widget-xm-slider-with-text\" data-element_type=\"xm-slider-with-text.default\">\n\t\t\t\t<div class=\"elementor-widget-container\">\n\t\t\t<div class='slider-with-text'><div class='text-slider-wrapper'><div class='text-slider'><div class='text-slide'><p>Box gutter with bar grate coverage<\/p>\n<\/div><div class='text-slide'><p>Box gutter with bar grate coverage<\/p>\n<\/div><\/div><\/div><div class='image-slider-wrapper'><div class='image-slider'><div class='image-slide'><img src='https:\/\/www.becker-tanks.de\/wp-content\/uploads\/2018\/10\/Slider_Abwassertechnik_IMG_7513.jpg'\/><\/div><div class='image-slide'><img src='https:\/\/www.becker-tanks.de\/wp-content\/uploads\/2018\/10\/Slider_Abwassertechnik_IMG_7523.jpg'\/><\/div><\/div><\/div><\/div>\t\t<\/div>\n\t\t\t\t<\/div>\n\t\t\t\t\t\t<\/div>\n\t\t\t<\/div>\n\t\t<\/div>\n\t\t\t\t\t\t<\/div>\n\t\t\t<\/div>\n\t\t<\/section>\n\t\t\t\t\t\t<\/div>\n\t\t\t<\/div>\n\t\t<\/div>\n\t\t","protected":false},"excerpt":{"rendered":"<p>L\u00e0 o\u00f9 il est n\u00e9cessaire de disposer de techniques d\u2019\u00e9vacuation des eaux robustes, nos syst\u00e8mes en inox sont les plus adapt\u00e9s. [&#8230;]<\/p>\n<p><a class=\"btn btn-secondary understrap-read-more-link\" href=\"https:\/\/www.becker-tanks.de\/fr\/produits\/evacuation-des-eaux-usees\/\">Lire la suite&#8230;<\/a><\/p>\n","protected":false},"author":3,"featured_media":804,"parent":770,"menu_order":4,"comment_status":"closed","ping_status":"closed","template":"page-templates\/empty.php","meta":{"_monsterinsights_skip_tracking":false,"_monsterinsights_sitenote_active":false,"_monsterinsights_sitenote_note":"","_monsterinsights_sitenote_category":0},"_links":{"self":[{"href":"https:\/\/www.becker-tanks.de\/fr\/wp-json\/wp\/v2\/pages\/802"}],"collection":[{"href":"https:\/\/www.becker-tanks.de\/fr\/wp-json\/wp\/v2\/pages"}],"about":[{"href":"https:\/\/www.becker-tanks.de\/fr\/wp-json\/wp\/v2\/types\/page"}],"author":[{"embeddable":true,"href":"https:\/\/www.becker-tanks.de\/fr\/wp-json\/wp\/v2\/users\/3"}],"replies":[{"embeddable":true,"href":"https:\/\/www.becker-tanks.de\/fr\/wp-json\/wp\/v2\/comments?post=802"}],"version-history":[{"count":4,"href":"https:\/\/www.becker-tanks.de\/fr\/wp-json\/wp\/v2\/pages\/802\/revisions"}],"predecessor-version":[{"id":1234,"href":"https:\/\/www.becker-tanks.de\/fr\/wp-json\/wp\/v2\/pages\/802\/revisions\/1234"}],"up":[{"embeddable":true,"href":"https:\/\/www.becker-tanks.de\/fr\/wp-json\/wp\/v2\/pages\/770"}],"wp:featuredmedia":[{"embeddable":true,"href":"https:\/\/www.becker-tanks.de\/fr\/wp-json\/wp\/v2\/media\/804"}],"wp:attachment":[{"href":"https:\/\/www.becker-tanks.de\/fr\/wp-json\/wp\/v2\/media?parent=802"}],"curies":[{"name":"wp","href":"https:\/\/api.w.org\/{rel}","templated":true}]}}