{"id":807,"date":"2018-10-15T11:06:36","date_gmt":"2018-10-15T09:06:36","guid":{"rendered":"https:\/\/www.becker-tanks.de\/service\/"},"modified":"2018-12-12T11:43:02","modified_gmt":"2018-12-12T10:43:02","slug":"service","status":"publish","type":"page","link":"https:\/\/www.becker-tanks.de\/fr\/service\/","title":{"rendered":"Service"},"content":{"rendered":"\t\t<div data-elementor-type=\"post\" data-elementor-id=\"807\" class=\"elementor elementor-807 elementor-198\" data-elementor-settings=\"[]\">\n\t\t\t<div class=\"elementor-inner\">\n\t\t\t\t<div class=\"elementor-section-wrap\">\n\t\t\t\t\t\t\t<section data-id=\"73fd733\" class=\"elementor-element elementor-element-73fd733 elementor-section-full_width elementor-section-height-default elementor-section-height-default elementor-section elementor-top-section\" data-element_type=\"section\">\n\t\t\t\t\t\t<div class=\"elementor-container elementor-column-gap-no\">\n\t\t\t\t<div class=\"elementor-row\">\n\t\t\t\t<div data-id=\"0189476\" class=\"elementor-element elementor-element-0189476 elementor-column elementor-col-100 elementor-top-column\" data-element_type=\"column\">\n\t\t\t<div class=\"elementor-column-wrap  elementor-element-populated\">\n\t\t\t\t\t<div class=\"elementor-widget-wrap\">\n\t\t\t\t<div data-id=\"9e6c964\" class=\"elementor-element elementor-element-9e6c964 elementor-widget elementor-widget-image\" data-element_type=\"image.default\">\n\t\t\t\t<div class=\"elementor-widget-container\">\n\t\t\t\t\t<div class=\"elementor-image\">\n\t\t\t\t\t\t\t\t\t\t<img width=\"1140\" height=\"300\" src=\"https:\/\/www.becker-tanks.de\/wp-content\/uploads\/2018\/08\/Banner_Service_IMG_0439-1.jpg\" class=\"attachment-full size-full\" alt=\"\" decoding=\"async\" loading=\"lazy\" srcset=\"https:\/\/www.becker-tanks.de\/wp-content\/uploads\/2018\/08\/Banner_Service_IMG_0439-1.jpg 1140w, https:\/\/www.becker-tanks.de\/wp-content\/uploads\/2018\/08\/Banner_Service_IMG_0439-1-300x79.jpg 300w, https:\/\/www.becker-tanks.de\/wp-content\/uploads\/2018\/08\/Banner_Service_IMG_0439-1-768x202.jpg 768w, https:\/\/www.becker-tanks.de\/wp-content\/uploads\/2018\/08\/Banner_Service_IMG_0439-1-1024x269.jpg 1024w\" sizes=\"(max-width: 1140px) 100vw, 1140px\" \/>\t\t\t\t\t\t\t\t\t\t\t<\/div>\n\t\t\t\t<\/div>\n\t\t\t\t<\/div>\n\t\t\t\t\t\t<\/div>\n\t\t\t<\/div>\n\t\t<\/div>\n\t\t\t\t\t\t<\/div>\n\t\t\t<\/div>\n\t\t<\/section>\n\t\t\t\t<section data-id=\"cff1794\" class=\"elementor-element elementor-element-cff1794 elementor-section-boxed elementor-section-height-default elementor-section-height-default elementor-section elementor-top-section\" data-element_type=\"section\">\n\t\t\t\t\t\t<div class=\"elementor-container elementor-column-gap-default\">\n\t\t\t\t<div class=\"elementor-row\">\n\t\t\t\t<div data-id=\"b25614f\" class=\"elementor-element elementor-element-b25614f elementor-column elementor-col-100 elementor-top-column\" data-element_type=\"column\">\n\t\t\t<div class=\"elementor-column-wrap  elementor-element-populated\">\n\t\t\t\t\t<div class=\"elementor-widget-wrap\">\n\t\t\t\t<div data-id=\"884f434\" class=\"elementor-element elementor-element-884f434 elementor-widget elementor-widget-wp-widget-bcn_widget\" data-element_type=\"wp-widget-bcn_widget.default\">\n\t\t\t\t<div class=\"elementor-widget-container\">\n\t\t\t<div class=\"breadcrumbs\" vocab=\"https:\/\/schema.org\/\" typeof=\"BreadcrumbList\"><span property=\"itemListElement\" typeof=\"ListItem\"><a property=\"item\" typeof=\"WebPage\" title=\"Aller \u00e0 Becker Tanks.\" href=\"https:\/\/www.becker-tanks.de\/fr\/\" class=\"home\" aria-current=\"page\"><span property=\"name\">Becker Tanks<\/span><\/a><meta property=\"position\" content=\"1\"><\/span><\/div>\t\t<\/div>\n\t\t\t\t<\/div>\n\t\t\t\t\t\t<\/div>\n\t\t\t<\/div>\n\t\t<\/div>\n\t\t\t\t\t\t<\/div>\n\t\t\t<\/div>\n\t\t<\/section>\n\t\t\t\t<section data-id=\"a2ef598\" class=\"elementor-element elementor-element-a2ef598 elementor-section-boxed elementor-section-height-default elementor-section-height-default elementor-section elementor-top-section\" data-element_type=\"section\">\n\t\t\t\t\t\t<div class=\"elementor-container elementor-column-gap-default\">\n\t\t\t\t<div class=\"elementor-row\">\n\t\t\t\t<div data-id=\"753acf8\" class=\"elementor-element elementor-element-753acf8 elementor-column elementor-col-25 elementor-top-column\" data-element_type=\"column\">\n\t\t\t<div class=\"elementor-column-wrap  elementor-element-populated\">\n\t\t\t\t\t<div class=\"elementor-widget-wrap\">\n\t\t\t\t<div data-id=\"a410bcc\" class=\"elementor-element elementor-element-a410bcc elementor-widget elementor-widget-text-editor\" data-element_type=\"text-editor.default\">\n\t\t\t\t<div class=\"elementor-widget-container\">\n\t\t\t\t\t<div class=\"elementor-text-editor elementor-clearfix\"><h1>Service<\/h1>\n<hr \/>\n<p>Le service est inn\u00e9 chez nous. Et cela dans chaque projet, depuis le d\u00e9but. Du premier concept jusqu\u2019\u00e0 l\u2019installation termin\u00e9e, nous sommes l\u00e0 pour notre client. Nous sommes satisfaits quand vous \u00eates satisfaits.<\/p>\n<\/div>\n\t\t\t\t<\/div>\n\t\t\t\t<\/div>\n\t\t\t\t\t\t<\/div>\n\t\t\t<\/div>\n\t\t<\/div>\n\t\t\t\t<div data-id=\"3e258d3\" class=\"elementor-element elementor-element-3e258d3 elementor-column elementor-col-25 elementor-top-column\" data-element_type=\"column\">\n\t\t\t<div class=\"elementor-column-wrap\">\n\t\t\t\t\t<div class=\"elementor-widget-wrap\">\n\t\t\t\t\t\t<\/div>\n\t\t\t<\/div>\n\t\t<\/div>\n\t\t\t\t<div data-id=\"7f3fa50\" class=\"elementor-element elementor-element-7f3fa50 elementor-column elementor-col-50 elementor-top-column\" data-element_type=\"column\">\n\t\t\t<div class=\"elementor-column-wrap  elementor-element-populated\">\n\t\t\t\t\t<div class=\"elementor-widget-wrap\">\n\t\t\t\t<div data-id=\"e7fae4c\" class=\"elementor-element elementor-element-e7fae4c elementor-widget elementor-widget-image\" data-element_type=\"image.default\">\n\t\t\t\t<div class=\"elementor-widget-container\">\n\t\t\t\t\t<div class=\"elementor-image\">\n\t\t\t\t\t\t\t\t\t\t<img width=\"640\" height=\"420\" src=\"https:\/\/www.becker-tanks.de\/wp-content\/uploads\/2018\/08\/Service_IMG_0460.jpg\" class=\"attachment-large size-large\" alt=\"\" decoding=\"async\" loading=\"lazy\" srcset=\"https:\/\/www.becker-tanks.de\/wp-content\/uploads\/2018\/08\/Service_IMG_0460.jpg 640w, https:\/\/www.becker-tanks.de\/wp-content\/uploads\/2018\/08\/Service_IMG_0460-300x197.jpg 300w\" sizes=\"(max-width: 640px) 100vw, 640px\" \/>\t\t\t\t\t\t\t\t\t\t\t<\/div>\n\t\t\t\t<\/div>\n\t\t\t\t<\/div>\n\t\t\t\t\t\t<\/div>\n\t\t\t<\/div>\n\t\t<\/div>\n\t\t\t\t\t\t<\/div>\n\t\t\t<\/div>\n\t\t<\/section>\n\t\t\t\t<section data-id=\"e6478d8\" class=\"elementor-element elementor-element-e6478d8 elementor-section-boxed elementor-section-height-default elementor-section-height-default elementor-section elementor-top-section\" id=\"planungundberatung\" data-element_type=\"section\">\n\t\t\t\t\t\t<div class=\"elementor-container elementor-column-gap-default\">\n\t\t\t\t<div class=\"elementor-row\">\n\t\t\t\t<div data-id=\"3c4005c\" class=\"elementor-element elementor-element-3c4005c elementor-column elementor-col-100 elementor-top-column\" data-element_type=\"column\">\n\t\t\t<div class=\"elementor-column-wrap  elementor-element-populated\">\n\t\t\t\t\t<div class=\"elementor-widget-wrap\">\n\t\t\t\t<div data-id=\"bc3d04b\" class=\"elementor-element elementor-element-bc3d04b elementor-widget elementor-widget-xm-infobox\" data-element_type=\"xm-infobox.default\">\n\t\t\t\t<div class=\"elementor-widget-container\">\n\t\t\t    <div class=\"xm-infobox-container\">\n        <div class=\"xm-infobox-image\">\n            <img decoding=\"async\" src=\"https:\/\/www.becker-tanks.de\/wp-content\/uploads\/2018\/05\/Unbenannt-5.png\" alt=\"\">\n        <\/div>\n        <div class=\"xm-infobox-text\">\n            <h3>Conception et conseil<\/h3>\n<p>La construction de cuves en inox est un travail de pr\u00e9cision. Elle commence d\u00e9j\u00e0 \u00e0 l\u2019ext\u00e9rieur du hall de construction.<\/p>\n<p>Pour chaque projet, pour chaque cuve, nous \u00e9laborons un concept distinct. D\u00e9j\u00e0 lors de la prise de mesure sur place, nous d\u00e9terminons la forme optimale du contenant adapt\u00e9 aux r\u00e9alit\u00e9s. A cet \u00e9gard, nous consid\u00e9rons aussi vos exigences comme le plan de charge, le cadre d\u2019investissement et votre business plan. Le cas \u00e9ch\u00e9ant, nous vous indiquons \u00e9galement des alternatives qui seraient \u00e9conomiquement ou techniquement plus adapt\u00e9es. Par ce biais, de futures extensions pourraient par exemple s\u2019av\u00e9rer plus judicieuses qu\u2019un projet initial surdimensionn\u00e9.<\/p>\n<p>Tous les \u00e9l\u00e9ments annexes comme les escaliers, rambardes, les \u00e9changeurs thermiques pourront \u00eatre int\u00e9gr\u00e9s au projet selon vos besoins.<\/p>\n<p>Nous ne nous consid\u00e9rons par uniquement comme un fournisseur de cuves. Nous nous consid\u00e9rons comme un partenaire dans le projet de nos clients. Nous participons activement. Nous d\u00e9veloppons en commun des id\u00e9es et solutions pour arriver \u00e0 un produit le plus \u00e9labor\u00e9 et adapt\u00e9 aux exigences de nos clients et nous le construisons.<\/p>\n<p>&nbsp;<\/p>\n        <\/div>\n    <\/div>\n    \t\t<\/div>\n\t\t\t\t<\/div>\n\t\t\t\t\t\t<\/div>\n\t\t\t<\/div>\n\t\t<\/div>\n\t\t\t\t\t\t<\/div>\n\t\t\t<\/div>\n\t\t<\/section>\n\t\t\t\t<section data-id=\"31f48b1\" class=\"elementor-element elementor-element-31f48b1 elementor-section-boxed elementor-section-height-default elementor-section-height-default elementor-section elementor-top-section\" id=\"montage\" data-element_type=\"section\">\n\t\t\t\t\t\t<div class=\"elementor-container elementor-column-gap-default\">\n\t\t\t\t<div class=\"elementor-row\">\n\t\t\t\t<div data-id=\"a5c8b01\" class=\"elementor-element elementor-element-a5c8b01 elementor-column elementor-col-100 elementor-top-column\" data-element_type=\"column\">\n\t\t\t<div class=\"elementor-column-wrap  elementor-element-populated\">\n\t\t\t\t\t<div class=\"elementor-widget-wrap\">\n\t\t\t\t<div data-id=\"ecd0d38\" class=\"elementor-element elementor-element-ecd0d38 elementor-widget elementor-widget-xm-infobox\" data-element_type=\"xm-infobox.default\">\n\t\t\t\t<div class=\"elementor-widget-container\">\n\t\t\t    <div class=\"xm-infobox-container\">\n        <div class=\"xm-infobox-image\">\n            <img decoding=\"async\" src=\"https:\/\/www.becker-tanks.de\/wp-content\/uploads\/2018\/05\/Unbenannt-6.png\" alt=\"\">\n        <\/div>\n        <div class=\"xm-infobox-text\">\n            <h3>Montage<\/h3>\n<p>Le montage sur place est habituellement l\u2019\u00e9preuve de v\u00e9rit\u00e9 pour un constructeur. Dans notre cas, cela signifie: A partir du moment o\u00f9 une cuve est install\u00e9e dans une cave avec ses \u00e9l\u00e9ments annexes parfaitement adapt\u00e9s, on peut dire que c\u2019est du \u00ab\u00a0cousu main\u00a0\u00bb.<\/p>\n<p>Nous sommes fiers que l\u2019on nous r\u00e9p\u00e8te que nous ne fabriquons pas uniquement de belles et robustes cuves mais \u00e9galement que nous pensons \u00e0 leur future mise en place et \u00e0 leur int\u00e9gration.<\/p>\n<p>Pour nous la livraison et le montage font partie int\u00e9grante du service client.<\/p>\n<p>&nbsp;<\/p>\n        <\/div>\n    <\/div>\n    \t\t<\/div>\n\t\t\t\t<\/div>\n\t\t\t\t\t\t<\/div>\n\t\t\t<\/div>\n\t\t<\/div>\n\t\t\t\t\t\t<\/div>\n\t\t\t<\/div>\n\t\t<\/section>\n\t\t\t\t<section data-id=\"4dcaadc\" class=\"elementor-element elementor-element-4dcaadc elementor-section-boxed elementor-section-height-default elementor-section-height-default elementor-section elementor-top-section\" id=\"betreuung\" data-element_type=\"section\">\n\t\t\t\t\t\t<div class=\"elementor-container elementor-column-gap-default\">\n\t\t\t\t<div class=\"elementor-row\">\n\t\t\t\t<div data-id=\"fed2efa\" class=\"elementor-element elementor-element-fed2efa elementor-column elementor-col-100 elementor-top-column\" data-element_type=\"column\">\n\t\t\t<div class=\"elementor-column-wrap  elementor-element-populated\">\n\t\t\t\t\t<div class=\"elementor-widget-wrap\">\n\t\t\t\t<div data-id=\"99c2b1c\" class=\"elementor-element elementor-element-99c2b1c elementor-widget elementor-widget-xm-infobox\" data-element_type=\"xm-infobox.default\">\n\t\t\t\t<div class=\"elementor-widget-container\">\n\t\t\t    <div class=\"xm-infobox-container\">\n        <div class=\"xm-infobox-image\">\n            <img decoding=\"async\" src=\"https:\/\/www.becker-tanks.de\/wp-content\/uploads\/2018\/05\/Unbenannt-7.png\" alt=\"\">\n        <\/div>\n        <div class=\"xm-infobox-text\">\n            <h3>Suivi client<\/h3>\n<p>Chez Becker tanks, nous avons l\u2019exigence que le client se sente entre de bonnes mains pour ses projets, bien suivi dans la r\u00e9alisation, conseill\u00e9 avec comp\u00e9tence et pris en charge enti\u00e8rement.<\/p>\n<p>De la premi\u00e8re conception jusqu\u2019\u00e0 la r\u00e9ception finale d\u2019une installation sur place, nous sommes des conseillers comp\u00e9tents et des accompagnateurs de projets sur lesquels vous pouvez compter.<\/p>\n<p>&nbsp;<\/p>\n        <\/div>\n    <\/div>\n    \t\t<\/div>\n\t\t\t\t<\/div>\n\t\t\t\t\t\t<\/div>\n\t\t\t<\/div>\n\t\t<\/div>\n\t\t\t\t\t\t<\/div>\n\t\t\t<\/div>\n\t\t<\/section>\n\t\t\t\t<section data-id=\"4d89c4c\" class=\"elementor-element elementor-element-4d89c4c elementor-section-boxed elementor-section-height-default elementor-section-height-default elementor-section elementor-top-section\" data-element_type=\"section\">\n\t\t\t\t\t\t<div class=\"elementor-container elementor-column-gap-default\">\n\t\t\t\t<div class=\"elementor-row\">\n\t\t\t\t<div data-id=\"ccb1bd8\" class=\"elementor-element elementor-element-ccb1bd8 elementor-column elementor-col-100 elementor-top-column\" data-element_type=\"column\">\n\t\t\t<div class=\"elementor-column-wrap  elementor-element-populated\">\n\t\t\t\t\t<div class=\"elementor-widget-wrap\">\n\t\t\t\t<div data-id=\"7b64e29\" class=\"elementor-element elementor-element-7b64e29 elementor-widget elementor-widget-xm_tableaut_widget\" data-element_type=\"xm_tableaut_widget.default\">\n\t\t\t\t<div class=\"elementor-widget-container\">\n\t\t\t<div class=\"tableaut-grid\">\n    <div class=\"row\">\n        <div class=\"col shrink\">\n            <div class=\"tableaut-image\">\n                <img decoding=\"async\" src=\"https:\/\/www.becker-tanks.de\/wp-content\/uploads\/2018\/10\/Tableau1-1.jpg\">\n            <\/div>\n            <\/a>\n        <\/div>\n        <div class=\"col\">\n            <div class=\"row\">\n                <div class=\"col\">\n                    <div class=\"tableaut-image\">\n                        <img decoding=\"async\" src=\"https:\/\/www.becker-tanks.de\/wp-content\/uploads\/2018\/10\/Tableau2-1.jpg\">\n                    <\/div>\n                <\/div>\n            <\/div>\n            <div class=\"row\">\n                <div class=\"col\">\n                    <div class=\"tableaut-image\">\n                        <img decoding=\"async\" src=\"https:\/\/www.becker-tanks.de\/wp-content\/uploads\/2018\/12\/Service_Tablerau_03.jpg\">\n                    <\/div>\n                <\/div>\n                <div class=\"col\">\n                    <div class=\"tableaut-image\">\n                        <img decoding=\"async\" src=\"https:\/\/www.becker-tanks.de\/wp-content\/uploads\/2018\/10\/Tableau4-1.jpg\">\n                    <\/div>\n                <\/div>\n            <\/div>\n        <\/div>\n    <\/div>\n<\/div>\n\n\t\t<\/div>\n\t\t\t\t<\/div>\n\t\t\t\t\t\t<\/div>\n\t\t\t<\/div>\n\t\t<\/div>\n\t\t\t\t\t\t<\/div>\n\t\t\t<\/div>\n\t\t<\/section>\n\t\t\t\t\t\t<\/div>\n\t\t\t<\/div>\n\t\t<\/div>\n\t\t","protected":false},"excerpt":{"rendered":"<p>Service Le service est inn\u00e9 chez nous. Et cela dans chaque projet, depuis le d\u00e9but. Du premier concept jusqu\u2019\u00e0 l\u2019installation termin\u00e9e, nous sommes l\u00e0 pour notre client. Nous sommes satisfaits quand vous \u00eates satisfaits. [&#8230;]<\/p>\n<p><a class=\"btn btn-secondary understrap-read-more-link\" href=\"https:\/\/www.becker-tanks.de\/fr\/service\/\">Lire la suite&#8230;<\/a><\/p>\n","protected":false},"author":3,"featured_media":0,"parent":0,"menu_order":0,"comment_status":"closed","ping_status":"closed","template":"page-templates\/empty.php","meta":{"_monsterinsights_skip_tracking":false,"_monsterinsights_sitenote_active":false,"_monsterinsights_sitenote_note":"","_monsterinsights_sitenote_category":0},"_links":{"self":[{"href":"https:\/\/www.becker-tanks.de\/fr\/wp-json\/wp\/v2\/pages\/807"}],"collection":[{"href":"https:\/\/www.becker-tanks.de\/fr\/wp-json\/wp\/v2\/pages"}],"about":[{"href":"https:\/\/www.becker-tanks.de\/fr\/wp-json\/wp\/v2\/types\/page"}],"author":[{"embeddable":true,"href":"https:\/\/www.becker-tanks.de\/fr\/wp-json\/wp\/v2\/users\/3"}],"replies":[{"embeddable":true,"href":"https:\/\/www.becker-tanks.de\/fr\/wp-json\/wp\/v2\/comments?post=807"}],"version-history":[{"count":1,"href":"https:\/\/www.becker-tanks.de\/fr\/wp-json\/wp\/v2\/pages\/807\/revisions"}],"predecessor-version":[{"id":808,"href":"https:\/\/www.becker-tanks.de\/fr\/wp-json\/wp\/v2\/pages\/807\/revisions\/808"}],"wp:attachment":[{"href":"https:\/\/www.becker-tanks.de\/fr\/wp-json\/wp\/v2\/media?parent=807"}],"curies":[{"name":"wp","href":"https:\/\/api.w.org\/{rel}","templated":true}]}}